{"id":2679,"date":"2026-04-20T00:54:48","date_gmt":"2026-04-19T21:54:48","guid":{"rendered":"https:\/\/abbenpyorahuolto.fi\/?post_type=product&#038;p=2679"},"modified":"2026-04-20T16:31:19","modified_gmt":"2026-04-20T13:31:19","slug":"insera-e-boulevard-540wh-3kk-takuu","status":"publish","type":"product","link":"https:\/\/abbenpyorahuolto.fi\/sv\/product\/insera-e-boulevard-540wh-3kk-takuu\/","title":{"rendered":"INSERA e-BOULEVARD \/  Ajamaton \/ 540Wh \/ 3kk-takuu"},"content":{"rendered":"<p>INSERA e-BOULEVARD 50cm 3v, vuosimalli 2024. Ajamaton esittelypy\u00f6r\u00e4.<\/p>\n<p>Mukava ja helppok\u00e4ytt\u00f6inen s\u00e4hk\u00f6py\u00f6r\u00e4 matalalla rungolla, sopii erinomaisesti ty\u00f6matkoihin ja arkiajoon.<\/p>\n<p>Koko &amp; sopivuus:<\/p>\n<p>Runkokoko: 50cm<\/p>\n<p>Sopii noin 160\u2013180 cm ajajalle<\/p>\n<p>Pysty ja mukava ajoasento<\/p>\n<p>S\u00e4\u00e4dett\u00e4v\u00e4 ohjainkannatin \u2013 helppo s\u00e4\u00e4t\u00e4\u00e4 itselle sopivaksi<\/p>\n<p>Varustelu:<\/p>\n<p>Bafang H400 etunapamoottori<\/p>\n<p>36V 15Ah \/ 540Wh akku (Samsung-kennot)<\/p>\n<p>Toimintamatka jopa n. 100 km<\/p>\n<p>Shimano Nexus 3-vaihteisto<\/p>\n<p>Jalkajarru takana + k\u00e4sijarru edess\u00e4<\/p>\n<p>28\u201d renkaat<\/p>\n<p>Valot ja seisontatuki<\/p>\n<p>T\u00e4ss\u00e4 py\u00f6r\u00e4ss\u00e4 on parempi 2024-malli, jossa suurempi 540Wh akku.<\/p>\n<p>(Uudemmissa e-BOULEVARD-malleissa on vain noin 350Wh akku, mik\u00e4 tarkoittaa lyhyemp\u00e4\u00e4 toimintamatkaa \u2013 t\u00e4m\u00e4 malli sopii paremmin pidemmille matkoille.)<\/p>\n<p>Uuden vastaavan mallin hinta on noin 1200\u20131300 \u20ac, joten t\u00e4ss\u00e4 eritt\u00e4in hyv\u00e4 vaihtoehto uuteen verrattuna \u2013 ja viel\u00e4 paremmalla akkukapasiteetilla.<\/p>\n<p>Py\u00f6r\u00e4 on tarkastettu ja toimii moitteettomasti.<\/p>\n<p>Mahdollisuus koeajoon Porvoossa.<\/p>\n<p>Toimitus koko Suomeen: +60 \u20ac<\/p>\n<p>Hinta sis\u00e4lt\u00e4\u00e4 ALV 25,5 %<\/p>","protected":false},"excerpt":{"rendered":"<p>INSERA e-BOULEVARD 50cm 3v, vuosimalli 2024. Ajamaton esittelypy\u00f6r\u00e4. Mukava ja helppok\u00e4ytt\u00f6inen s\u00e4hk\u00f6py\u00f6r\u00e4 matalalla rungolla, sopii erinomaisesti ty\u00f6matkoihin ja arkiajoon. Koko &amp; sopivuus: Runkokoko: 50cm Sopii noin 160\u2013180 cm ajajalle Pysty ja mukava ajoasento S\u00e4\u00e4dett\u00e4v\u00e4 ohjainkannatin \u2013 helppo s\u00e4\u00e4t\u00e4\u00e4 itselle sopivaksi Varustelu: Bafang H400 etunapamoottori 36V 15Ah \/ 540Wh akku (Samsung-kennot) Toimintamatka jopa n. 100 km [&hellip;]<\/p>","protected":false},"featured_media":2676,"comment_status":"open","ping_status":"closed","template":"","meta":{"om_disable_all_campaigns":false,"_monsterinsights_skip_tracking":false,"_monsterinsights_sitenote_active":false,"_monsterinsights_sitenote_note":"","_monsterinsights_sitenote_category":0},"product_cat":[28],"product_tag":[],"class_list":{"0":"post-2679","1":"product","2":"type-product","3":"status-publish","4":"has-post-thumbnail","6":"product_cat-uncategorized","8":"first","9":"instock","10":"shipping-taxable","11":"product-type-simple"},"yoast_head":"<!-- This site is optimized with the Yoast SEO plugin v20.0 - https:\/\/yoast.com\/wordpress\/plugins\/seo\/ -->\n<title>INSERA e-BOULEVARD \/ Ajamaton \/ 540Wh \/ 3kk-takuu - Abben Py\u00f6r\u00e4huolto<\/title>\n<meta name=\"robots\" content=\"index, follow, max-snippet:-1, max-image-preview:large, max-video-preview:-1\" \/>\n<link rel=\"canonical\" href=\"https:\/\/abbenpyorahuolto.fi\/sv\/product\/insera-e-boulevard-540wh-3kk-takuu\/\" \/>\n<meta property=\"og:locale\" content=\"sv_SE\" \/>\n<meta property=\"og:type\" content=\"article\" \/>\n<meta property=\"og:title\" content=\"INSERA e-BOULEVARD \/ Ajamaton \/ 540Wh \/ 3kk-takuu - Abben Py\u00f6r\u00e4huolto\" \/>\n<meta property=\"og:description\" content=\"INSERA e-BOULEVARD 50cm 3v, vuosimalli 2024. Ajamaton esittelypy\u00f6r\u00e4. Mukava ja helppok\u00e4ytt\u00f6inen s\u00e4hk\u00f6py\u00f6r\u00e4 matalalla rungolla, sopii erinomaisesti ty\u00f6matkoihin ja arkiajoon. Koko &amp; sopivuus: Runkokoko: 50cm Sopii noin 160\u2013180 cm ajajalle Pysty ja mukava ajoasento S\u00e4\u00e4dett\u00e4v\u00e4 ohjainkannatin \u2013 helppo s\u00e4\u00e4t\u00e4\u00e4 itselle sopivaksi Varustelu: Bafang H400 etunapamoottori 36V 15Ah \/ 540Wh akku (Samsung-kennot) Toimintamatka jopa n. 100 km [&hellip;]\" \/>\n<meta property=\"og:url\" content=\"https:\/\/abbenpyorahuolto.fi\/sv\/product\/insera-e-boulevard-540wh-3kk-takuu\/\" \/>\n<meta property=\"og:site_name\" content=\"Abben Py\u00f6r\u00e4huolto\" \/>\n<meta property=\"article:publisher\" content=\"https:\/\/www.facebook.com\/people\/Alberts-cykelservice\/100067846394051\/\" \/>\n<meta property=\"article:modified_time\" content=\"2026-04-20T13:31:19+00:00\" \/>\n<meta property=\"og:image\" content=\"https:\/\/abbenpyorahuolto.fi\/wp-content\/uploads\/2026\/04\/1000019712-scaled.jpg\" \/>\n\t<meta property=\"og:image:width\" content=\"2560\" \/>\n\t<meta property=\"og:image:height\" content=\"1920\" \/>\n\t<meta property=\"og:image:type\" content=\"image\/jpeg\" \/>\n<meta name=\"twitter:card\" content=\"summary_large_image\" \/>\n<meta name=\"twitter:site\" content=\"@acykelservice\" \/>\n<meta name=\"twitter:label1\" content=\"Ber\u00e4knad l\u00e4stid\" \/>\n\t<meta name=\"twitter:data1\" content=\"1 minut\" \/>\n<script type=\"application\/ld+json\" class=\"yoast-schema-graph\">{\"@context\":\"https:\/\/schema.org\",\"@graph\":[{\"@type\":\"WebPage\",\"@id\":\"https:\/\/abbenpyorahuolto.fi\/product\/insera-e-boulevard-540wh-3kk-takuu\/\",\"url\":\"https:\/\/abbenpyorahuolto.fi\/product\/insera-e-boulevard-540wh-3kk-takuu\/\",\"name\":\"INSERA e-BOULEVARD \/ Ajamaton \/ 540Wh \/ 3kk-takuu - Abben Py\u00f6r\u00e4huolto\",\"isPartOf\":{\"@id\":\"https:\/\/abbenpyorahuolto.fi\/#website\"},\"datePublished\":\"2026-04-19T21:54:48+00:00\",\"dateModified\":\"2026-04-20T13:31:19+00:00\",\"breadcrumb\":{\"@id\":\"https:\/\/abbenpyorahuolto.fi\/product\/insera-e-boulevard-540wh-3kk-takuu\/#breadcrumb\"},\"inLanguage\":\"sv-SE\",\"potentialAction\":[{\"@type\":\"ReadAction\",\"target\":[\"https:\/\/abbenpyorahuolto.fi\/product\/insera-e-boulevard-540wh-3kk-takuu\/\"]}]},{\"@type\":\"BreadcrumbList\",\"@id\":\"https:\/\/abbenpyorahuolto.fi\/product\/insera-e-boulevard-540wh-3kk-takuu\/#breadcrumb\",\"itemListElement\":[{\"@type\":\"ListItem\",\"position\":1,\"name\":\"Home\",\"item\":\"https:\/\/abbenpyorahuolto.fi\/\"},{\"@type\":\"ListItem\",\"position\":2,\"name\":\"Tuotteet\",\"item\":\"https:\/\/abbenpyorahuolto.fi\/shop\/\"},{\"@type\":\"ListItem\",\"position\":3,\"name\":\"INSERA e-BOULEVARD \/ Ajamaton \/ 540Wh \/ 3kk-takuu\"}]},{\"@type\":\"WebSite\",\"@id\":\"https:\/\/abbenpyorahuolto.fi\/#website\",\"url\":\"https:\/\/abbenpyorahuolto.fi\/\",\"name\":\"Abben Py\u00f6r\u00e4huolto\",\"description\":\"Abben Liikkuva Py\u00f6r\u00e4huolto\",\"publisher\":{\"@id\":\"https:\/\/abbenpyorahuolto.fi\/#organization\"},\"potentialAction\":[{\"@type\":\"SearchAction\",\"target\":{\"@type\":\"EntryPoint\",\"urlTemplate\":\"https:\/\/abbenpyorahuolto.fi\/?s={search_term_string}\"},\"query-input\":\"required name=search_term_string\"}],\"inLanguage\":\"sv-SE\"},{\"@type\":\"Organization\",\"@id\":\"https:\/\/abbenpyorahuolto.fi\/#organization\",\"name\":\"Abben Py\u00f6r\u00e4huolto\",\"url\":\"https:\/\/abbenpyorahuolto.fi\/\",\"logo\":{\"@type\":\"ImageObject\",\"inLanguage\":\"sv-SE\",\"@id\":\"https:\/\/abbenpyorahuolto.fi\/#\/schema\/logo\/image\/\",\"url\":\"https:\/\/abbenpyorahuolto.fi\/wp-content\/uploads\/2025\/06\/ALBERTS-3.png\",\"contentUrl\":\"https:\/\/abbenpyorahuolto.fi\/wp-content\/uploads\/2025\/06\/ALBERTS-3.png\",\"width\":1080,\"height\":1080,\"caption\":\"Abben Py\u00f6r\u00e4huolto\"},\"image\":{\"@id\":\"https:\/\/abbenpyorahuolto.fi\/#\/schema\/logo\/image\/\"},\"sameAs\":[\"https:\/\/www.facebook.com\/people\/Alberts-cykelservice\/100067846394051\/\",\"https:\/\/twitter.com\/acykelservice\"]}]}<\/script>\n<!-- \/ Yoast SEO plugin. -->","yoast_head_json":{"title":"INSERA e-BOULEVARD \/ Ajamaton \/ 540Wh \/ 3kk-takuu - Abben Py\u00f6r\u00e4huolto","robots":{"index":"index","follow":"follow","max-snippet":"max-snippet:-1","max-image-preview":"max-image-preview:large","max-video-preview":"max-video-preview:-1"},"canonical":"https:\/\/abbenpyorahuolto.fi\/sv\/product\/insera-e-boulevard-540wh-3kk-takuu\/","og_locale":"sv_SE","og_type":"article","og_title":"INSERA e-BOULEVARD \/ Ajamaton \/ 540Wh \/ 3kk-takuu - Abben Py\u00f6r\u00e4huolto","og_description":"INSERA e-BOULEVARD 50cm 3v, vuosimalli 2024. Ajamaton esittelypy\u00f6r\u00e4. Mukava ja helppok\u00e4ytt\u00f6inen s\u00e4hk\u00f6py\u00f6r\u00e4 matalalla rungolla, sopii erinomaisesti ty\u00f6matkoihin ja arkiajoon. Koko &amp; sopivuus: Runkokoko: 50cm Sopii noin 160\u2013180 cm ajajalle Pysty ja mukava ajoasento S\u00e4\u00e4dett\u00e4v\u00e4 ohjainkannatin \u2013 helppo s\u00e4\u00e4t\u00e4\u00e4 itselle sopivaksi Varustelu: Bafang H400 etunapamoottori 36V 15Ah \/ 540Wh akku (Samsung-kennot) Toimintamatka jopa n. 100 km [&hellip;]","og_url":"https:\/\/abbenpyorahuolto.fi\/sv\/product\/insera-e-boulevard-540wh-3kk-takuu\/","og_site_name":"Abben Py\u00f6r\u00e4huolto","article_publisher":"https:\/\/www.facebook.com\/people\/Alberts-cykelservice\/100067846394051\/","article_modified_time":"2026-04-20T13:31:19+00:00","og_image":[{"width":2560,"height":1920,"url":"https:\/\/abbenpyorahuolto.fi\/wp-content\/uploads\/2026\/04\/1000019712-scaled.jpg","type":"image\/jpeg"}],"twitter_card":"summary_large_image","twitter_site":"@acykelservice","twitter_misc":{"Ber\u00e4knad l\u00e4stid":"1 minut"},"schema":{"@context":"https:\/\/schema.org","@graph":[{"@type":"WebPage","@id":"https:\/\/abbenpyorahuolto.fi\/product\/insera-e-boulevard-540wh-3kk-takuu\/","url":"https:\/\/abbenpyorahuolto.fi\/product\/insera-e-boulevard-540wh-3kk-takuu\/","name":"INSERA e-BOULEVARD \/ Ajamaton \/ 540Wh \/ 3kk-takuu - Abben Py\u00f6r\u00e4huolto","isPartOf":{"@id":"https:\/\/abbenpyorahuolto.fi\/#website"},"datePublished":"2026-04-19T21:54:48+00:00","dateModified":"2026-04-20T13:31:19+00:00","breadcrumb":{"@id":"https:\/\/abbenpyorahuolto.fi\/product\/insera-e-boulevard-540wh-3kk-takuu\/#breadcrumb"},"inLanguage":"sv-SE","potentialAction":[{"@type":"ReadAction","target":["https:\/\/abbenpyorahuolto.fi\/product\/insera-e-boulevard-540wh-3kk-takuu\/"]}]},{"@type":"BreadcrumbList","@id":"https:\/\/abbenpyorahuolto.fi\/product\/insera-e-boulevard-540wh-3kk-takuu\/#breadcrumb","itemListElement":[{"@type":"ListItem","position":1,"name":"Home","item":"https:\/\/abbenpyorahuolto.fi\/"},{"@type":"ListItem","position":2,"name":"Tuotteet","item":"https:\/\/abbenpyorahuolto.fi\/shop\/"},{"@type":"ListItem","position":3,"name":"INSERA e-BOULEVARD \/ Ajamaton \/ 540Wh \/ 3kk-takuu"}]},{"@type":"WebSite","@id":"https:\/\/abbenpyorahuolto.fi\/#website","url":"https:\/\/abbenpyorahuolto.fi\/","name":"Abben Py\u00f6r\u00e4huolto","description":"Abben Liikkuva Py\u00f6r\u00e4huolto","publisher":{"@id":"https:\/\/abbenpyorahuolto.fi\/#organization"},"potentialAction":[{"@type":"SearchAction","target":{"@type":"EntryPoint","urlTemplate":"https:\/\/abbenpyorahuolto.fi\/?s={search_term_string}"},"query-input":"required name=search_term_string"}],"inLanguage":"sv-SE"},{"@type":"Organization","@id":"https:\/\/abbenpyorahuolto.fi\/#organization","name":"Abben Py\u00f6r\u00e4huolto","url":"https:\/\/abbenpyorahuolto.fi\/","logo":{"@type":"ImageObject","inLanguage":"sv-SE","@id":"https:\/\/abbenpyorahuolto.fi\/#\/schema\/logo\/image\/","url":"https:\/\/abbenpyorahuolto.fi\/wp-content\/uploads\/2025\/06\/ALBERTS-3.png","contentUrl":"https:\/\/abbenpyorahuolto.fi\/wp-content\/uploads\/2025\/06\/ALBERTS-3.png","width":1080,"height":1080,"caption":"Abben Py\u00f6r\u00e4huolto"},"image":{"@id":"https:\/\/abbenpyorahuolto.fi\/#\/schema\/logo\/image\/"},"sameAs":["https:\/\/www.facebook.com\/people\/Alberts-cykelservice\/100067846394051\/","https:\/\/twitter.com\/acykelservice"]}]}},"jetpack_sharing_enabled":true,"_links":{"self":[{"href":"https:\/\/abbenpyorahuolto.fi\/sv\/wp-json\/wp\/v2\/product\/2679","targetHints":{"allow":["GET"]}}],"collection":[{"href":"https:\/\/abbenpyorahuolto.fi\/sv\/wp-json\/wp\/v2\/product"}],"about":[{"href":"https:\/\/abbenpyorahuolto.fi\/sv\/wp-json\/wp\/v2\/types\/product"}],"replies":[{"embeddable":true,"href":"https:\/\/abbenpyorahuolto.fi\/sv\/wp-json\/wp\/v2\/comments?post=2679"}],"wp:featuredmedia":[{"embeddable":true,"href":"https:\/\/abbenpyorahuolto.fi\/sv\/wp-json\/wp\/v2\/media\/2676"}],"wp:attachment":[{"href":"https:\/\/abbenpyorahuolto.fi\/sv\/wp-json\/wp\/v2\/media?parent=2679"}],"wp:term":[{"taxonomy":"product_cat","embeddable":true,"href":"https:\/\/abbenpyorahuolto.fi\/sv\/wp-json\/wp\/v2\/product_cat?post=2679"},{"taxonomy":"product_tag","embeddable":true,"href":"https:\/\/abbenpyorahuolto.fi\/sv\/wp-json\/wp\/v2\/product_tag?post=2679"}],"curies":[{"name":"wp","href":"https:\/\/api.w.org\/{rel}","templated":true}]}}