{"id":2606,"date":"2026-04-07T10:03:20","date_gmt":"2026-04-07T10:03:20","guid":{"rendered":"https:\/\/abbenpyorahuolto.fi\/product\/nishiki-hybrid-422-allroads-2kk-takuu\/"},"modified":"2026-04-07T18:06:34","modified_gmt":"2026-04-07T18:06:34","slug":"nishiki-hybrid-422-allroads-2kk-takuu","status":"publish","type":"product","link":"https:\/\/abbenpyorahuolto.fi\/sv\/product\/nishiki-hybrid-422-allroads-2kk-takuu\/","title":{"rendered":"_MYYTY_ Nishiki Hybrid 422 Allroads \/ 2kk Takuu"},"content":{"rendered":"<p>Huollettu ja hyvin pidetty Nishiki Hybrid 422 Allroads -hybridipy\u00f6r\u00e4. Monipuolinen ja kevyt py\u00f6r\u00e4, joka sopii erinomaisesti kaupunkiin, maantielle ja sorateille. Rullaa kevyesti ja toimii eritt\u00e4in hyvin \u2013 valmis ajoon ilman lis\u00e4huolia.<br \/>\nTekniset tiedot:<br \/>\n\u2013 Merkki: Nishiki<br \/>\n\u2013 Malli: Hybrid 422 Allroads<br \/>\n\u2013 Tyyppi: Hybridipy\u00f6r\u00e4<br \/>\n\u2013 Rungon koko: 56 cm (sopii noin 175\u2013190 cm py\u00f6r\u00e4ilij\u00f6ille)<br \/>\n\u2013 Renkaan koko: 28\u2033 (37-622)<br \/>\n\u2013 Vaihteisto: Shimano Deore 24v (3&#215;8)<br \/>\n\u2013 Jarrut: V-jarrut<br \/>\n\u2013 V\u00e4ri: Hopea<br \/>\nTehdyt huollot ja edut:<br \/>\n\u2013 Juuri huollettu<br \/>\n\u2013 Ketju ja kasetti hiljattain vaihdettu ja hyv\u00e4ss\u00e4 kunnossa<br \/>\n\u2013 Vaihteet ja jarrut s\u00e4\u00e4detty<br \/>\n\u2013 Laakerit s\u00e4\u00e4detty ja tarkistettu<br \/>\n\u2013 Vanteet rihtattu<br \/>\n\u2013 Renkaissa hyv\u00e4 kulutuspinta<br \/>\n\u2013 Jarrupalat hyv\u00e4ss\u00e4 kunnossa<br \/>\n\u2013 Nopeasti s\u00e4\u00e4dett\u00e4v\u00e4 ohjainkorkeus<br \/>\n\u2013 Mukana 2 avainta ja k\u00e4ytt\u00f6ohje<br \/>\n\u2013 Hyvin pidetty yksil\u00f6<br \/>\n\u2013 Pient\u00e4 k\u00e4yt\u00f6n j\u00e4lke\u00e4, mutta teknisesti eritt\u00e4in hyv\u00e4ss\u00e4 kunnossa<br \/>\nTakuu: Annan py\u00f6r\u00e4lle 2 kk takuun.<br \/>\nHinta: 250 \u20ac<br \/>\nKuljetus: Kuljetus j\u00e4rjestyy korvausta vastaan.<br \/>\nOta yhteytt\u00e4:<br \/>\nLis\u00e4tietoja tai koeajon varaamiseksi, l\u00e4het\u00e4 rohkeasti viesti\u00e4 tai soita minulle numeroon 0453250225.<\/p>","protected":false},"excerpt":{"rendered":"<p>Huollettu ja hyvin pidetty Nishiki Hybrid 422 Allroads -hybridipy\u00f6r\u00e4. Monipuolinen ja kevyt py\u00f6r\u00e4, joka sopii erinomaisesti kaupunkiin, maantielle ja sorateille. Rullaa kevyesti ja toimii eritt\u00e4in hyvin \u2013 valmis ajoon ilman lis\u00e4huolia. Tekniset tiedot: \u2013 Merkki: Nishiki \u2013 Malli: Hybrid 422 Allroads \u2013 Tyyppi: Hybridipy\u00f6r\u00e4 \u2013 Rungon koko: 56 cm (sopii noin 175\u2013190 cm py\u00f6r\u00e4ilij\u00f6ille) \u2013 [&hellip;]<\/p>","protected":false},"featured_media":2604,"comment_status":"open","ping_status":"closed","template":"","meta":{"om_disable_all_campaigns":false,"_monsterinsights_skip_tracking":false,"_monsterinsights_sitenote_active":false,"_monsterinsights_sitenote_note":"","_monsterinsights_sitenote_category":0},"product_cat":[28],"product_tag":[],"class_list":{"0":"post-2606","1":"product","2":"type-product","3":"status-publish","4":"has-post-thumbnail","6":"product_cat-uncategorized","8":"first","9":"instock","10":"shipping-taxable","11":"product-type-simple"},"yoast_head":"<!-- This site is optimized with the Yoast SEO plugin v20.0 - https:\/\/yoast.com\/wordpress\/plugins\/seo\/ -->\n<title>_MYYTY_ Nishiki Hybrid 422 Allroads \/ 2kk Takuu - Abben Py\u00f6r\u00e4huolto<\/title>\n<meta name=\"robots\" content=\"index, follow, max-snippet:-1, max-image-preview:large, max-video-preview:-1\" \/>\n<link rel=\"canonical\" href=\"https:\/\/abbenpyorahuolto.fi\/sv\/product\/nishiki-hybrid-422-allroads-2kk-takuu\/\" \/>\n<meta property=\"og:locale\" content=\"sv_SE\" \/>\n<meta property=\"og:type\" content=\"article\" \/>\n<meta property=\"og:title\" content=\"_MYYTY_ Nishiki Hybrid 422 Allroads \/ 2kk Takuu - Abben Py\u00f6r\u00e4huolto\" \/>\n<meta property=\"og:description\" content=\"Huollettu ja hyvin pidetty Nishiki Hybrid 422 Allroads -hybridipy\u00f6r\u00e4. Monipuolinen ja kevyt py\u00f6r\u00e4, joka sopii erinomaisesti kaupunkiin, maantielle ja sorateille. Rullaa kevyesti ja toimii eritt\u00e4in hyvin \u2013 valmis ajoon ilman lis\u00e4huolia. Tekniset tiedot: \u2013 Merkki: Nishiki \u2013 Malli: Hybrid 422 Allroads \u2013 Tyyppi: Hybridipy\u00f6r\u00e4 \u2013 Rungon koko: 56 cm (sopii noin 175\u2013190 cm py\u00f6r\u00e4ilij\u00f6ille) \u2013 [&hellip;]\" \/>\n<meta property=\"og:url\" content=\"https:\/\/abbenpyorahuolto.fi\/sv\/product\/nishiki-hybrid-422-allroads-2kk-takuu\/\" \/>\n<meta property=\"og:site_name\" content=\"Abben Py\u00f6r\u00e4huolto\" \/>\n<meta property=\"article:publisher\" content=\"https:\/\/www.facebook.com\/people\/Alberts-cykelservice\/100067846394051\/\" \/>\n<meta property=\"article:modified_time\" content=\"2026-04-07T18:06:34+00:00\" \/>\n<meta property=\"og:image\" content=\"https:\/\/abbenpyorahuolto.fi\/wp-content\/uploads\/2026\/04\/1000019665-scaled.jpg\" \/>\n\t<meta property=\"og:image:width\" content=\"2560\" \/>\n\t<meta property=\"og:image:height\" content=\"1920\" \/>\n\t<meta property=\"og:image:type\" content=\"image\/jpeg\" \/>\n<meta name=\"twitter:card\" content=\"summary_large_image\" \/>\n<meta name=\"twitter:site\" content=\"@acykelservice\" \/>\n<meta name=\"twitter:label1\" content=\"Ber\u00e4knad l\u00e4stid\" \/>\n\t<meta name=\"twitter:data1\" content=\"1 minut\" \/>\n<script type=\"application\/ld+json\" class=\"yoast-schema-graph\">{\"@context\":\"https:\/\/schema.org\",\"@graph\":[{\"@type\":\"WebPage\",\"@id\":\"https:\/\/abbenpyorahuolto.fi\/product\/nishiki-hybrid-422-allroads-2kk-takuu\/\",\"url\":\"https:\/\/abbenpyorahuolto.fi\/product\/nishiki-hybrid-422-allroads-2kk-takuu\/\",\"name\":\"_MYYTY_ Nishiki Hybrid 422 Allroads \/ 2kk Takuu - Abben Py\u00f6r\u00e4huolto\",\"isPartOf\":{\"@id\":\"https:\/\/abbenpyorahuolto.fi\/#website\"},\"datePublished\":\"2026-04-07T10:03:20+00:00\",\"dateModified\":\"2026-04-07T18:06:34+00:00\",\"breadcrumb\":{\"@id\":\"https:\/\/abbenpyorahuolto.fi\/product\/nishiki-hybrid-422-allroads-2kk-takuu\/#breadcrumb\"},\"inLanguage\":\"sv-SE\",\"potentialAction\":[{\"@type\":\"ReadAction\",\"target\":[\"https:\/\/abbenpyorahuolto.fi\/product\/nishiki-hybrid-422-allroads-2kk-takuu\/\"]}]},{\"@type\":\"BreadcrumbList\",\"@id\":\"https:\/\/abbenpyorahuolto.fi\/product\/nishiki-hybrid-422-allroads-2kk-takuu\/#breadcrumb\",\"itemListElement\":[{\"@type\":\"ListItem\",\"position\":1,\"name\":\"Home\",\"item\":\"https:\/\/abbenpyorahuolto.fi\/\"},{\"@type\":\"ListItem\",\"position\":2,\"name\":\"Tuotteet\",\"item\":\"https:\/\/abbenpyorahuolto.fi\/shop\/\"},{\"@type\":\"ListItem\",\"position\":3,\"name\":\"_MYYTY_ Nishiki Hybrid 422 Allroads \/ 2kk Takuu\"}]},{\"@type\":\"WebSite\",\"@id\":\"https:\/\/abbenpyorahuolto.fi\/#website\",\"url\":\"https:\/\/abbenpyorahuolto.fi\/\",\"name\":\"Abben Py\u00f6r\u00e4huolto\",\"description\":\"Abben Liikkuva Py\u00f6r\u00e4huolto\",\"publisher\":{\"@id\":\"https:\/\/abbenpyorahuolto.fi\/#organization\"},\"potentialAction\":[{\"@type\":\"SearchAction\",\"target\":{\"@type\":\"EntryPoint\",\"urlTemplate\":\"https:\/\/abbenpyorahuolto.fi\/?s={search_term_string}\"},\"query-input\":\"required name=search_term_string\"}],\"inLanguage\":\"sv-SE\"},{\"@type\":\"Organization\",\"@id\":\"https:\/\/abbenpyorahuolto.fi\/#organization\",\"name\":\"Abben Py\u00f6r\u00e4huolto\",\"url\":\"https:\/\/abbenpyorahuolto.fi\/\",\"logo\":{\"@type\":\"ImageObject\",\"inLanguage\":\"sv-SE\",\"@id\":\"https:\/\/abbenpyorahuolto.fi\/#\/schema\/logo\/image\/\",\"url\":\"https:\/\/abbenpyorahuolto.fi\/wp-content\/uploads\/2025\/06\/ALBERTS-3.png\",\"contentUrl\":\"https:\/\/abbenpyorahuolto.fi\/wp-content\/uploads\/2025\/06\/ALBERTS-3.png\",\"width\":1080,\"height\":1080,\"caption\":\"Abben Py\u00f6r\u00e4huolto\"},\"image\":{\"@id\":\"https:\/\/abbenpyorahuolto.fi\/#\/schema\/logo\/image\/\"},\"sameAs\":[\"https:\/\/www.facebook.com\/people\/Alberts-cykelservice\/100067846394051\/\",\"https:\/\/twitter.com\/acykelservice\"]}]}<\/script>\n<!-- \/ Yoast SEO plugin. -->","yoast_head_json":{"title":"_MYYTY_ Nishiki Hybrid 422 Allroads \/ 2kk Takuu - Abben Py\u00f6r\u00e4huolto","robots":{"index":"index","follow":"follow","max-snippet":"max-snippet:-1","max-image-preview":"max-image-preview:large","max-video-preview":"max-video-preview:-1"},"canonical":"https:\/\/abbenpyorahuolto.fi\/sv\/product\/nishiki-hybrid-422-allroads-2kk-takuu\/","og_locale":"sv_SE","og_type":"article","og_title":"_MYYTY_ Nishiki Hybrid 422 Allroads \/ 2kk Takuu - Abben Py\u00f6r\u00e4huolto","og_description":"Huollettu ja hyvin pidetty Nishiki Hybrid 422 Allroads -hybridipy\u00f6r\u00e4. Monipuolinen ja kevyt py\u00f6r\u00e4, joka sopii erinomaisesti kaupunkiin, maantielle ja sorateille. Rullaa kevyesti ja toimii eritt\u00e4in hyvin \u2013 valmis ajoon ilman lis\u00e4huolia. Tekniset tiedot: \u2013 Merkki: Nishiki \u2013 Malli: Hybrid 422 Allroads \u2013 Tyyppi: Hybridipy\u00f6r\u00e4 \u2013 Rungon koko: 56 cm (sopii noin 175\u2013190 cm py\u00f6r\u00e4ilij\u00f6ille) \u2013 [&hellip;]","og_url":"https:\/\/abbenpyorahuolto.fi\/sv\/product\/nishiki-hybrid-422-allroads-2kk-takuu\/","og_site_name":"Abben Py\u00f6r\u00e4huolto","article_publisher":"https:\/\/www.facebook.com\/people\/Alberts-cykelservice\/100067846394051\/","article_modified_time":"2026-04-07T18:06:34+00:00","og_image":[{"width":2560,"height":1920,"url":"https:\/\/abbenpyorahuolto.fi\/wp-content\/uploads\/2026\/04\/1000019665-scaled.jpg","type":"image\/jpeg"}],"twitter_card":"summary_large_image","twitter_site":"@acykelservice","twitter_misc":{"Ber\u00e4knad l\u00e4stid":"1 minut"},"schema":{"@context":"https:\/\/schema.org","@graph":[{"@type":"WebPage","@id":"https:\/\/abbenpyorahuolto.fi\/product\/nishiki-hybrid-422-allroads-2kk-takuu\/","url":"https:\/\/abbenpyorahuolto.fi\/product\/nishiki-hybrid-422-allroads-2kk-takuu\/","name":"_MYYTY_ Nishiki Hybrid 422 Allroads \/ 2kk Takuu - Abben Py\u00f6r\u00e4huolto","isPartOf":{"@id":"https:\/\/abbenpyorahuolto.fi\/#website"},"datePublished":"2026-04-07T10:03:20+00:00","dateModified":"2026-04-07T18:06:34+00:00","breadcrumb":{"@id":"https:\/\/abbenpyorahuolto.fi\/product\/nishiki-hybrid-422-allroads-2kk-takuu\/#breadcrumb"},"inLanguage":"sv-SE","potentialAction":[{"@type":"ReadAction","target":["https:\/\/abbenpyorahuolto.fi\/product\/nishiki-hybrid-422-allroads-2kk-takuu\/"]}]},{"@type":"BreadcrumbList","@id":"https:\/\/abbenpyorahuolto.fi\/product\/nishiki-hybrid-422-allroads-2kk-takuu\/#breadcrumb","itemListElement":[{"@type":"ListItem","position":1,"name":"Home","item":"https:\/\/abbenpyorahuolto.fi\/"},{"@type":"ListItem","position":2,"name":"Tuotteet","item":"https:\/\/abbenpyorahuolto.fi\/shop\/"},{"@type":"ListItem","position":3,"name":"_MYYTY_ Nishiki Hybrid 422 Allroads \/ 2kk Takuu"}]},{"@type":"WebSite","@id":"https:\/\/abbenpyorahuolto.fi\/#website","url":"https:\/\/abbenpyorahuolto.fi\/","name":"Abben Py\u00f6r\u00e4huolto","description":"Abben Liikkuva Py\u00f6r\u00e4huolto","publisher":{"@id":"https:\/\/abbenpyorahuolto.fi\/#organization"},"potentialAction":[{"@type":"SearchAction","target":{"@type":"EntryPoint","urlTemplate":"https:\/\/abbenpyorahuolto.fi\/?s={search_term_string}"},"query-input":"required name=search_term_string"}],"inLanguage":"sv-SE"},{"@type":"Organization","@id":"https:\/\/abbenpyorahuolto.fi\/#organization","name":"Abben Py\u00f6r\u00e4huolto","url":"https:\/\/abbenpyorahuolto.fi\/","logo":{"@type":"ImageObject","inLanguage":"sv-SE","@id":"https:\/\/abbenpyorahuolto.fi\/#\/schema\/logo\/image\/","url":"https:\/\/abbenpyorahuolto.fi\/wp-content\/uploads\/2025\/06\/ALBERTS-3.png","contentUrl":"https:\/\/abbenpyorahuolto.fi\/wp-content\/uploads\/2025\/06\/ALBERTS-3.png","width":1080,"height":1080,"caption":"Abben Py\u00f6r\u00e4huolto"},"image":{"@id":"https:\/\/abbenpyorahuolto.fi\/#\/schema\/logo\/image\/"},"sameAs":["https:\/\/www.facebook.com\/people\/Alberts-cykelservice\/100067846394051\/","https:\/\/twitter.com\/acykelservice"]}]}},"jetpack_sharing_enabled":true,"_links":{"self":[{"href":"https:\/\/abbenpyorahuolto.fi\/sv\/wp-json\/wp\/v2\/product\/2606","targetHints":{"allow":["GET"]}}],"collection":[{"href":"https:\/\/abbenpyorahuolto.fi\/sv\/wp-json\/wp\/v2\/product"}],"about":[{"href":"https:\/\/abbenpyorahuolto.fi\/sv\/wp-json\/wp\/v2\/types\/product"}],"replies":[{"embeddable":true,"href":"https:\/\/abbenpyorahuolto.fi\/sv\/wp-json\/wp\/v2\/comments?post=2606"}],"wp:featuredmedia":[{"embeddable":true,"href":"https:\/\/abbenpyorahuolto.fi\/sv\/wp-json\/wp\/v2\/media\/2604"}],"wp:attachment":[{"href":"https:\/\/abbenpyorahuolto.fi\/sv\/wp-json\/wp\/v2\/media?parent=2606"}],"wp:term":[{"taxonomy":"product_cat","embeddable":true,"href":"https:\/\/abbenpyorahuolto.fi\/sv\/wp-json\/wp\/v2\/product_cat?post=2606"},{"taxonomy":"product_tag","embeddable":true,"href":"https:\/\/abbenpyorahuolto.fi\/sv\/wp-json\/wp\/v2\/product_tag?post=2606"}],"curies":[{"name":"wp","href":"https:\/\/api.w.org\/{rel}","templated":true}]}}