{"id":2307,"date":"2025-10-04T20:39:58","date_gmt":"2025-10-04T20:39:58","guid":{"rendered":"https:\/\/abbenpyorahuolto.fi\/product\/tunturi-rx500-2kk-takuu\/"},"modified":"2025-10-04T20:39:58","modified_gmt":"2025-10-04T20:39:58","slug":"tunturi-rx500-2kk-takuu","status":"publish","type":"product","link":"https:\/\/abbenpyorahuolto.fi\/sv\/product\/tunturi-rx500-2kk-takuu\/","title":{"rendered":"Tunturi RX500 \/ 2kk Takuu"},"content":{"rendered":"<p>Huollettu ja kunnostettu laadukas Tunturi RX500 -hybridipy\u00f6r\u00e4. Monipuolinen, kevyesti rullaava ja t\u00e4ysin ajokunnossa oleva py\u00f6r\u00e4 niin ty\u00f6matkoille kuin pidemmillekin lenkeille.<\/p>\n<p>Tekniset tiedot:<br \/>\n\u2013 Merkki: Tunturi<br \/>\n\u2013 Malli: RX500<br \/>\n\u2013 Tyyppi: Hybridipy\u00f6r\u00e4<br \/>\n\u2013 Rungon koko: 48 cm (sopii noin 160\u2013175 cm py\u00f6r\u00e4ilij\u00f6ille)<br \/>\n\u2013 Renkaan koko: 28\u2033<br \/>\n\u2013 Vaihteisto: Shimano Alivio 27-v<br \/>\n\u2013 Jarrut: Hydrauliset levyjarrut<br \/>\n\u2013 V\u00e4ri: Valkoinen<\/p>\n<p>Tehdyt huollot ja edut:<br \/>\n\u2013 Ketju ja rataspakka uusittu<br \/>\n\u2013 Vaihteet ja jarrut s\u00e4\u00e4detty<br \/>\n\u2013 Kaikki laakerit s\u00e4\u00e4detty (rullaa kuin uusi)<br \/>\n\u2013 Helposti s\u00e4\u00e4dett\u00e4v\u00e4 ohjaustanko<br \/>\n\u2013 Tukijalka ja lokasuojat edess\u00e4 ja takana<br \/>\n\u2013 Merkkej\u00e4 k\u00e4yt\u00f6st\u00e4, mutta teknisesti erinomaisessa kunnossa<\/p>\n<p>Takuu: Annan py\u00f6r\u00e4lle 2 kk takuun.<\/p>\n<p>Hinta: 360 \u20ac<\/p>\n<p>Kuljetus: Kuljetus j\u00e4rjestyy korvausta vastaan.<\/p>\n<p>Ota yhteytt\u00e4: Lis\u00e4tietoja tai koeajon varaamiseksi, l\u00e4het\u00e4 rohkeasti viesti\u00e4 tai soita minulle numeroon 0453250225.<\/p>","protected":false},"excerpt":{"rendered":"<p>Huollettu ja kunnostettu laadukas Tunturi RX500 -hybridipy\u00f6r\u00e4. Monipuolinen, kevyesti rullaava ja t\u00e4ysin ajokunnossa oleva py\u00f6r\u00e4 niin ty\u00f6matkoille kuin pidemmillekin lenkeille. Tekniset tiedot: \u2013 Merkki: Tunturi \u2013 Malli: RX500 \u2013 Tyyppi: Hybridipy\u00f6r\u00e4 \u2013 Rungon koko: 48 cm (sopii noin 160\u2013175 cm py\u00f6r\u00e4ilij\u00f6ille) \u2013 Renkaan koko: 28\u2033 \u2013 Vaihteisto: Shimano Alivio 27-v \u2013 Jarrut: Hydrauliset levyjarrut \u2013 [&hellip;]<\/p>","protected":false},"featured_media":2303,"comment_status":"open","ping_status":"closed","template":"","meta":{"om_disable_all_campaigns":false,"_monsterinsights_skip_tracking":false,"_monsterinsights_sitenote_active":false,"_monsterinsights_sitenote_note":"","_monsterinsights_sitenote_category":0},"product_cat":[28],"product_tag":[],"class_list":{"0":"post-2307","1":"product","2":"type-product","3":"status-publish","4":"has-post-thumbnail","6":"product_cat-uncategorized","8":"first","9":"instock","10":"shipping-taxable","11":"product-type-simple"},"yoast_head":"<!-- This site is optimized with the Yoast SEO plugin v20.0 - https:\/\/yoast.com\/wordpress\/plugins\/seo\/ -->\n<title>Tunturi RX500 \/ 2kk Takuu - Abben Py\u00f6r\u00e4huolto<\/title>\n<meta name=\"robots\" content=\"index, follow, max-snippet:-1, max-image-preview:large, max-video-preview:-1\" \/>\n<link rel=\"canonical\" href=\"https:\/\/abbenpyorahuolto.fi\/sv\/product\/tunturi-rx500-2kk-takuu\/\" \/>\n<meta property=\"og:locale\" content=\"sv_SE\" \/>\n<meta property=\"og:type\" content=\"article\" \/>\n<meta property=\"og:title\" content=\"Tunturi RX500 \/ 2kk Takuu - Abben Py\u00f6r\u00e4huolto\" \/>\n<meta property=\"og:description\" content=\"Huollettu ja kunnostettu laadukas Tunturi RX500 -hybridipy\u00f6r\u00e4. Monipuolinen, kevyesti rullaava ja t\u00e4ysin ajokunnossa oleva py\u00f6r\u00e4 niin ty\u00f6matkoille kuin pidemmillekin lenkeille. Tekniset tiedot: \u2013 Merkki: Tunturi \u2013 Malli: RX500 \u2013 Tyyppi: Hybridipy\u00f6r\u00e4 \u2013 Rungon koko: 48 cm (sopii noin 160\u2013175 cm py\u00f6r\u00e4ilij\u00f6ille) \u2013 Renkaan koko: 28\u2033 \u2013 Vaihteisto: Shimano Alivio 27-v \u2013 Jarrut: Hydrauliset levyjarrut \u2013 [&hellip;]\" \/>\n<meta property=\"og:url\" content=\"https:\/\/abbenpyorahuolto.fi\/sv\/product\/tunturi-rx500-2kk-takuu\/\" \/>\n<meta property=\"og:site_name\" content=\"Abben Py\u00f6r\u00e4huolto\" \/>\n<meta property=\"article:publisher\" content=\"https:\/\/www.facebook.com\/people\/Alberts-cykelservice\/100067846394051\/\" \/>\n<meta name=\"twitter:card\" content=\"summary_large_image\" \/>\n<meta name=\"twitter:site\" content=\"@acykelservice\" \/>\n<meta name=\"twitter:label1\" content=\"Ber\u00e4knad l\u00e4stid\" \/>\n\t<meta name=\"twitter:data1\" content=\"1 minut\" \/>\n<script type=\"application\/ld+json\" class=\"yoast-schema-graph\">{\"@context\":\"https:\/\/schema.org\",\"@graph\":[{\"@type\":\"WebPage\",\"@id\":\"https:\/\/abbenpyorahuolto.fi\/product\/tunturi-rx500-2kk-takuu\/\",\"url\":\"https:\/\/abbenpyorahuolto.fi\/product\/tunturi-rx500-2kk-takuu\/\",\"name\":\"Tunturi RX500 \/ 2kk Takuu - Abben Py\u00f6r\u00e4huolto\",\"isPartOf\":{\"@id\":\"https:\/\/abbenpyorahuolto.fi\/#website\"},\"datePublished\":\"2025-10-04T20:39:58+00:00\",\"dateModified\":\"2025-10-04T20:39:58+00:00\",\"breadcrumb\":{\"@id\":\"https:\/\/abbenpyorahuolto.fi\/product\/tunturi-rx500-2kk-takuu\/#breadcrumb\"},\"inLanguage\":\"sv-SE\",\"potentialAction\":[{\"@type\":\"ReadAction\",\"target\":[\"https:\/\/abbenpyorahuolto.fi\/product\/tunturi-rx500-2kk-takuu\/\"]}]},{\"@type\":\"BreadcrumbList\",\"@id\":\"https:\/\/abbenpyorahuolto.fi\/product\/tunturi-rx500-2kk-takuu\/#breadcrumb\",\"itemListElement\":[{\"@type\":\"ListItem\",\"position\":1,\"name\":\"Home\",\"item\":\"https:\/\/abbenpyorahuolto.fi\/\"},{\"@type\":\"ListItem\",\"position\":2,\"name\":\"Tuotteet\",\"item\":\"https:\/\/abbenpyorahuolto.fi\/shop\/\"},{\"@type\":\"ListItem\",\"position\":3,\"name\":\"Tunturi RX500 \/ 2kk Takuu\"}]},{\"@type\":\"WebSite\",\"@id\":\"https:\/\/abbenpyorahuolto.fi\/#website\",\"url\":\"https:\/\/abbenpyorahuolto.fi\/\",\"name\":\"Abben Py\u00f6r\u00e4huolto\",\"description\":\"Abben Liikkuva Py\u00f6r\u00e4huolto\",\"publisher\":{\"@id\":\"https:\/\/abbenpyorahuolto.fi\/#organization\"},\"potentialAction\":[{\"@type\":\"SearchAction\",\"target\":{\"@type\":\"EntryPoint\",\"urlTemplate\":\"https:\/\/abbenpyorahuolto.fi\/?s={search_term_string}\"},\"query-input\":\"required name=search_term_string\"}],\"inLanguage\":\"sv-SE\"},{\"@type\":\"Organization\",\"@id\":\"https:\/\/abbenpyorahuolto.fi\/#organization\",\"name\":\"Abben Py\u00f6r\u00e4huolto\",\"url\":\"https:\/\/abbenpyorahuolto.fi\/\",\"logo\":{\"@type\":\"ImageObject\",\"inLanguage\":\"sv-SE\",\"@id\":\"https:\/\/abbenpyorahuolto.fi\/#\/schema\/logo\/image\/\",\"url\":\"https:\/\/abbenpyorahuolto.fi\/wp-content\/uploads\/2025\/06\/ALBERTS-3.png\",\"contentUrl\":\"https:\/\/abbenpyorahuolto.fi\/wp-content\/uploads\/2025\/06\/ALBERTS-3.png\",\"width\":1080,\"height\":1080,\"caption\":\"Abben Py\u00f6r\u00e4huolto\"},\"image\":{\"@id\":\"https:\/\/abbenpyorahuolto.fi\/#\/schema\/logo\/image\/\"},\"sameAs\":[\"https:\/\/www.facebook.com\/people\/Alberts-cykelservice\/100067846394051\/\",\"https:\/\/twitter.com\/acykelservice\"]}]}<\/script>\n<!-- \/ Yoast SEO plugin. -->","yoast_head_json":{"title":"Tunturi RX500 \/ 2kk Takuu - Abben Py\u00f6r\u00e4huolto","robots":{"index":"index","follow":"follow","max-snippet":"max-snippet:-1","max-image-preview":"max-image-preview:large","max-video-preview":"max-video-preview:-1"},"canonical":"https:\/\/abbenpyorahuolto.fi\/sv\/product\/tunturi-rx500-2kk-takuu\/","og_locale":"sv_SE","og_type":"article","og_title":"Tunturi RX500 \/ 2kk Takuu - Abben Py\u00f6r\u00e4huolto","og_description":"Huollettu ja kunnostettu laadukas Tunturi RX500 -hybridipy\u00f6r\u00e4. Monipuolinen, kevyesti rullaava ja t\u00e4ysin ajokunnossa oleva py\u00f6r\u00e4 niin ty\u00f6matkoille kuin pidemmillekin lenkeille. Tekniset tiedot: \u2013 Merkki: Tunturi \u2013 Malli: RX500 \u2013 Tyyppi: Hybridipy\u00f6r\u00e4 \u2013 Rungon koko: 48 cm (sopii noin 160\u2013175 cm py\u00f6r\u00e4ilij\u00f6ille) \u2013 Renkaan koko: 28\u2033 \u2013 Vaihteisto: Shimano Alivio 27-v \u2013 Jarrut: Hydrauliset levyjarrut \u2013 [&hellip;]","og_url":"https:\/\/abbenpyorahuolto.fi\/sv\/product\/tunturi-rx500-2kk-takuu\/","og_site_name":"Abben Py\u00f6r\u00e4huolto","article_publisher":"https:\/\/www.facebook.com\/people\/Alberts-cykelservice\/100067846394051\/","twitter_card":"summary_large_image","twitter_site":"@acykelservice","twitter_misc":{"Ber\u00e4knad l\u00e4stid":"1 minut"},"schema":{"@context":"https:\/\/schema.org","@graph":[{"@type":"WebPage","@id":"https:\/\/abbenpyorahuolto.fi\/product\/tunturi-rx500-2kk-takuu\/","url":"https:\/\/abbenpyorahuolto.fi\/product\/tunturi-rx500-2kk-takuu\/","name":"Tunturi RX500 \/ 2kk Takuu - Abben Py\u00f6r\u00e4huolto","isPartOf":{"@id":"https:\/\/abbenpyorahuolto.fi\/#website"},"datePublished":"2025-10-04T20:39:58+00:00","dateModified":"2025-10-04T20:39:58+00:00","breadcrumb":{"@id":"https:\/\/abbenpyorahuolto.fi\/product\/tunturi-rx500-2kk-takuu\/#breadcrumb"},"inLanguage":"sv-SE","potentialAction":[{"@type":"ReadAction","target":["https:\/\/abbenpyorahuolto.fi\/product\/tunturi-rx500-2kk-takuu\/"]}]},{"@type":"BreadcrumbList","@id":"https:\/\/abbenpyorahuolto.fi\/product\/tunturi-rx500-2kk-takuu\/#breadcrumb","itemListElement":[{"@type":"ListItem","position":1,"name":"Home","item":"https:\/\/abbenpyorahuolto.fi\/"},{"@type":"ListItem","position":2,"name":"Tuotteet","item":"https:\/\/abbenpyorahuolto.fi\/shop\/"},{"@type":"ListItem","position":3,"name":"Tunturi RX500 \/ 2kk Takuu"}]},{"@type":"WebSite","@id":"https:\/\/abbenpyorahuolto.fi\/#website","url":"https:\/\/abbenpyorahuolto.fi\/","name":"Abben Py\u00f6r\u00e4huolto","description":"Abben Liikkuva Py\u00f6r\u00e4huolto","publisher":{"@id":"https:\/\/abbenpyorahuolto.fi\/#organization"},"potentialAction":[{"@type":"SearchAction","target":{"@type":"EntryPoint","urlTemplate":"https:\/\/abbenpyorahuolto.fi\/?s={search_term_string}"},"query-input":"required name=search_term_string"}],"inLanguage":"sv-SE"},{"@type":"Organization","@id":"https:\/\/abbenpyorahuolto.fi\/#organization","name":"Abben Py\u00f6r\u00e4huolto","url":"https:\/\/abbenpyorahuolto.fi\/","logo":{"@type":"ImageObject","inLanguage":"sv-SE","@id":"https:\/\/abbenpyorahuolto.fi\/#\/schema\/logo\/image\/","url":"https:\/\/abbenpyorahuolto.fi\/wp-content\/uploads\/2025\/06\/ALBERTS-3.png","contentUrl":"https:\/\/abbenpyorahuolto.fi\/wp-content\/uploads\/2025\/06\/ALBERTS-3.png","width":1080,"height":1080,"caption":"Abben Py\u00f6r\u00e4huolto"},"image":{"@id":"https:\/\/abbenpyorahuolto.fi\/#\/schema\/logo\/image\/"},"sameAs":["https:\/\/www.facebook.com\/people\/Alberts-cykelservice\/100067846394051\/","https:\/\/twitter.com\/acykelservice"]}]}},"jetpack_sharing_enabled":true,"_links":{"self":[{"href":"https:\/\/abbenpyorahuolto.fi\/sv\/wp-json\/wp\/v2\/product\/2307","targetHints":{"allow":["GET"]}}],"collection":[{"href":"https:\/\/abbenpyorahuolto.fi\/sv\/wp-json\/wp\/v2\/product"}],"about":[{"href":"https:\/\/abbenpyorahuolto.fi\/sv\/wp-json\/wp\/v2\/types\/product"}],"replies":[{"embeddable":true,"href":"https:\/\/abbenpyorahuolto.fi\/sv\/wp-json\/wp\/v2\/comments?post=2307"}],"wp:featuredmedia":[{"embeddable":true,"href":"https:\/\/abbenpyorahuolto.fi\/sv\/wp-json\/wp\/v2\/media\/2303"}],"wp:attachment":[{"href":"https:\/\/abbenpyorahuolto.fi\/sv\/wp-json\/wp\/v2\/media?parent=2307"}],"wp:term":[{"taxonomy":"product_cat","embeddable":true,"href":"https:\/\/abbenpyorahuolto.fi\/sv\/wp-json\/wp\/v2\/product_cat?post=2307"},{"taxonomy":"product_tag","embeddable":true,"href":"https:\/\/abbenpyorahuolto.fi\/sv\/wp-json\/wp\/v2\/product_tag?post=2307"}],"curies":[{"name":"wp","href":"https:\/\/api.w.org\/{rel}","templated":true}]}}