{"id":2045,"date":"2025-09-01T18:01:02","date_gmt":"2025-09-01T18:01:02","guid":{"rendered":"https:\/\/abbenpyorahuolto.fi\/product\/helkama-ainotar-2kk-takuu\/"},"modified":"2025-09-03T13:25:30","modified_gmt":"2025-09-03T13:25:30","slug":"helkama-ainotar-2kk-takuu","status":"publish","type":"product","link":"https:\/\/abbenpyorahuolto.fi\/sv\/product\/helkama-ainotar-2kk-takuu\/","title":{"rendered":"Helkama Ainotar \/ 2kk Takuu"},"content":{"rendered":"<p>Huolletun ja kunnostetun suomalaisen Helkama Ainotar laatupy\u00f6r\u00e4n.<\/p>\n<p>Tekniset tiedot:<\/p>\n<p>\u2013 Merkki: Helkama<\/p>\n<p>\u2013 Malli: Ainotar<\/p>\n<p>\u2013 Tyyppi: Kaupunkipy\u00f6r\u00e4<\/p>\n<p>\u2013 Rungon koko: 52 cm (sopii noin 160\u2013175 cm py\u00f6r\u00e4ilij\u00f6ille)<\/p>\n<p>\u2013 Renkaan koko: 28\u2033, 622 mm<\/p>\n<p>\u2013 Vaihteisto: Shimano 3v<\/p>\n<p>\u2013 V\u00e4ri: Punainen<\/p>\n<p>Tehdyt huollot ja edut:<\/p>\n<p>\u2013 Ketjut putsattu ja rasvattu<\/p>\n<p>\u2013 Vaihteet ja jarru s\u00e4\u00e4detty.<\/p>\n<p>\u2013 Laakerit s\u00e4\u00e4detty (etu- ja takanavojen sek\u00e4 ohjainlaakerin)<\/p>\n<p>\u2013 Renkaat on hiljattain vaihdettu ja ovat eritt\u00e4in hyv\u00e4ss\u00e4 kunnossa<\/p>\n<p>\u2013 Py\u00f6r\u00e4ss\u00e4 runkolukko, tukijalka ja tavarateline.<\/p>\n<p>Takuu: Annan py\u00f6r\u00e4lle 2 kk takuun.<\/p>\n<p>Hinta: 230 \u20ac<\/p>\n<p>Kuljetus: Kuljetus j\u00e4rjestyy korvausta vastaan.<\/p>\n<p>Ota yhteytt\u00e4: Lis\u00e4tietoja tai koeajon varaamiseksi, l\u00e4het\u00e4 rohkeasti viesti\u00e4 tai soita minulle numeroon 0453250225.<\/p>","protected":false},"excerpt":{"rendered":"<p>Huolletun ja kunnostetun suomalaisen Helkama Ainotar laatupy\u00f6r\u00e4n. Tekniset tiedot: \u2013 Merkki: Helkama \u2013 Malli: Ainotar \u2013 Tyyppi: Kaupunkipy\u00f6r\u00e4 \u2013 Rungon koko: 52 cm (sopii noin 160\u2013175 cm py\u00f6r\u00e4ilij\u00f6ille) \u2013 Renkaan koko: 28\u2033, 622 mm \u2013 Vaihteisto: Shimano 3v \u2013 V\u00e4ri: Punainen Tehdyt huollot ja edut: \u2013 Ketjut putsattu ja rasvattu \u2013 Vaihteet ja jarru s\u00e4\u00e4detty. [&hellip;]<\/p>","protected":false},"featured_media":2040,"comment_status":"open","ping_status":"closed","template":"","meta":{"om_disable_all_campaigns":false,"_monsterinsights_skip_tracking":false,"_monsterinsights_sitenote_active":false,"_monsterinsights_sitenote_note":"","_monsterinsights_sitenote_category":0},"product_cat":[28],"product_tag":[],"class_list":{"0":"post-2045","1":"product","2":"type-product","3":"status-publish","4":"has-post-thumbnail","6":"product_cat-uncategorized","8":"first","9":"instock","10":"shipping-taxable","11":"product-type-simple"},"yoast_head":"<!-- This site is optimized with the Yoast SEO plugin v20.0 - https:\/\/yoast.com\/wordpress\/plugins\/seo\/ -->\n<title>Helkama Ainotar \/ 2kk Takuu - Abben Py\u00f6r\u00e4huolto<\/title>\n<meta name=\"robots\" content=\"index, follow, max-snippet:-1, max-image-preview:large, max-video-preview:-1\" \/>\n<link rel=\"canonical\" href=\"https:\/\/abbenpyorahuolto.fi\/sv\/product\/helkama-ainotar-2kk-takuu\/\" \/>\n<meta property=\"og:locale\" content=\"sv_SE\" \/>\n<meta property=\"og:type\" content=\"article\" \/>\n<meta property=\"og:title\" content=\"Helkama Ainotar \/ 2kk Takuu - Abben Py\u00f6r\u00e4huolto\" \/>\n<meta property=\"og:description\" content=\"Huolletun ja kunnostetun suomalaisen Helkama Ainotar laatupy\u00f6r\u00e4n. Tekniset tiedot: \u2013 Merkki: Helkama \u2013 Malli: Ainotar \u2013 Tyyppi: Kaupunkipy\u00f6r\u00e4 \u2013 Rungon koko: 52 cm (sopii noin 160\u2013175 cm py\u00f6r\u00e4ilij\u00f6ille) \u2013 Renkaan koko: 28\u2033, 622 mm \u2013 Vaihteisto: Shimano 3v \u2013 V\u00e4ri: Punainen Tehdyt huollot ja edut: \u2013 Ketjut putsattu ja rasvattu \u2013 Vaihteet ja jarru s\u00e4\u00e4detty. [&hellip;]\" \/>\n<meta property=\"og:url\" content=\"https:\/\/abbenpyorahuolto.fi\/sv\/product\/helkama-ainotar-2kk-takuu\/\" \/>\n<meta property=\"og:site_name\" content=\"Abben Py\u00f6r\u00e4huolto\" \/>\n<meta property=\"article:publisher\" content=\"https:\/\/www.facebook.com\/people\/Alberts-cykelservice\/100067846394051\/\" \/>\n<meta property=\"article:modified_time\" content=\"2025-09-03T13:25:30+00:00\" \/>\n<meta property=\"og:image\" content=\"https:\/\/abbenpyorahuolto.fi\/wp-content\/uploads\/2025\/09\/1000014137-scaled.jpg\" \/>\n\t<meta property=\"og:image:width\" content=\"2560\" \/>\n\t<meta property=\"og:image:height\" content=\"1920\" \/>\n\t<meta property=\"og:image:type\" content=\"image\/jpeg\" \/>\n<meta name=\"twitter:card\" content=\"summary_large_image\" \/>\n<meta name=\"twitter:site\" content=\"@acykelservice\" \/>\n<meta name=\"twitter:label1\" content=\"Ber\u00e4knad l\u00e4stid\" \/>\n\t<meta name=\"twitter:data1\" content=\"1 minut\" \/>\n<script type=\"application\/ld+json\" class=\"yoast-schema-graph\">{\"@context\":\"https:\/\/schema.org\",\"@graph\":[{\"@type\":\"WebPage\",\"@id\":\"https:\/\/abbenpyorahuolto.fi\/product\/helkama-ainotar-2kk-takuu\/\",\"url\":\"https:\/\/abbenpyorahuolto.fi\/product\/helkama-ainotar-2kk-takuu\/\",\"name\":\"Helkama Ainotar \/ 2kk Takuu - Abben Py\u00f6r\u00e4huolto\",\"isPartOf\":{\"@id\":\"https:\/\/abbenpyorahuolto.fi\/#website\"},\"datePublished\":\"2025-09-01T18:01:02+00:00\",\"dateModified\":\"2025-09-03T13:25:30+00:00\",\"breadcrumb\":{\"@id\":\"https:\/\/abbenpyorahuolto.fi\/product\/helkama-ainotar-2kk-takuu\/#breadcrumb\"},\"inLanguage\":\"sv-SE\",\"potentialAction\":[{\"@type\":\"ReadAction\",\"target\":[\"https:\/\/abbenpyorahuolto.fi\/product\/helkama-ainotar-2kk-takuu\/\"]}]},{\"@type\":\"BreadcrumbList\",\"@id\":\"https:\/\/abbenpyorahuolto.fi\/product\/helkama-ainotar-2kk-takuu\/#breadcrumb\",\"itemListElement\":[{\"@type\":\"ListItem\",\"position\":1,\"name\":\"Home\",\"item\":\"https:\/\/abbenpyorahuolto.fi\/\"},{\"@type\":\"ListItem\",\"position\":2,\"name\":\"Tuotteet\",\"item\":\"https:\/\/abbenpyorahuolto.fi\/shop\/\"},{\"@type\":\"ListItem\",\"position\":3,\"name\":\"Helkama Ainotar \/ 2kk Takuu\"}]},{\"@type\":\"WebSite\",\"@id\":\"https:\/\/abbenpyorahuolto.fi\/#website\",\"url\":\"https:\/\/abbenpyorahuolto.fi\/\",\"name\":\"Abben Py\u00f6r\u00e4huolto\",\"description\":\"Abben Liikkuva Py\u00f6r\u00e4huolto\",\"publisher\":{\"@id\":\"https:\/\/abbenpyorahuolto.fi\/#organization\"},\"potentialAction\":[{\"@type\":\"SearchAction\",\"target\":{\"@type\":\"EntryPoint\",\"urlTemplate\":\"https:\/\/abbenpyorahuolto.fi\/?s={search_term_string}\"},\"query-input\":\"required name=search_term_string\"}],\"inLanguage\":\"sv-SE\"},{\"@type\":\"Organization\",\"@id\":\"https:\/\/abbenpyorahuolto.fi\/#organization\",\"name\":\"Abben Py\u00f6r\u00e4huolto\",\"url\":\"https:\/\/abbenpyorahuolto.fi\/\",\"logo\":{\"@type\":\"ImageObject\",\"inLanguage\":\"sv-SE\",\"@id\":\"https:\/\/abbenpyorahuolto.fi\/#\/schema\/logo\/image\/\",\"url\":\"https:\/\/abbenpyorahuolto.fi\/wp-content\/uploads\/2025\/06\/ALBERTS-3.png\",\"contentUrl\":\"https:\/\/abbenpyorahuolto.fi\/wp-content\/uploads\/2025\/06\/ALBERTS-3.png\",\"width\":1080,\"height\":1080,\"caption\":\"Abben Py\u00f6r\u00e4huolto\"},\"image\":{\"@id\":\"https:\/\/abbenpyorahuolto.fi\/#\/schema\/logo\/image\/\"},\"sameAs\":[\"https:\/\/www.facebook.com\/people\/Alberts-cykelservice\/100067846394051\/\",\"https:\/\/twitter.com\/acykelservice\"]}]}<\/script>\n<!-- \/ Yoast SEO plugin. -->","yoast_head_json":{"title":"Helkama Ainotar \/ 2kk Takuu - Abben Py\u00f6r\u00e4huolto","robots":{"index":"index","follow":"follow","max-snippet":"max-snippet:-1","max-image-preview":"max-image-preview:large","max-video-preview":"max-video-preview:-1"},"canonical":"https:\/\/abbenpyorahuolto.fi\/sv\/product\/helkama-ainotar-2kk-takuu\/","og_locale":"sv_SE","og_type":"article","og_title":"Helkama Ainotar \/ 2kk Takuu - Abben Py\u00f6r\u00e4huolto","og_description":"Huolletun ja kunnostetun suomalaisen Helkama Ainotar laatupy\u00f6r\u00e4n. Tekniset tiedot: \u2013 Merkki: Helkama \u2013 Malli: Ainotar \u2013 Tyyppi: Kaupunkipy\u00f6r\u00e4 \u2013 Rungon koko: 52 cm (sopii noin 160\u2013175 cm py\u00f6r\u00e4ilij\u00f6ille) \u2013 Renkaan koko: 28\u2033, 622 mm \u2013 Vaihteisto: Shimano 3v \u2013 V\u00e4ri: Punainen Tehdyt huollot ja edut: \u2013 Ketjut putsattu ja rasvattu \u2013 Vaihteet ja jarru s\u00e4\u00e4detty. [&hellip;]","og_url":"https:\/\/abbenpyorahuolto.fi\/sv\/product\/helkama-ainotar-2kk-takuu\/","og_site_name":"Abben Py\u00f6r\u00e4huolto","article_publisher":"https:\/\/www.facebook.com\/people\/Alberts-cykelservice\/100067846394051\/","article_modified_time":"2025-09-03T13:25:30+00:00","og_image":[{"width":2560,"height":1920,"url":"https:\/\/abbenpyorahuolto.fi\/wp-content\/uploads\/2025\/09\/1000014137-scaled.jpg","type":"image\/jpeg"}],"twitter_card":"summary_large_image","twitter_site":"@acykelservice","twitter_misc":{"Ber\u00e4knad l\u00e4stid":"1 minut"},"schema":{"@context":"https:\/\/schema.org","@graph":[{"@type":"WebPage","@id":"https:\/\/abbenpyorahuolto.fi\/product\/helkama-ainotar-2kk-takuu\/","url":"https:\/\/abbenpyorahuolto.fi\/product\/helkama-ainotar-2kk-takuu\/","name":"Helkama Ainotar \/ 2kk Takuu - Abben Py\u00f6r\u00e4huolto","isPartOf":{"@id":"https:\/\/abbenpyorahuolto.fi\/#website"},"datePublished":"2025-09-01T18:01:02+00:00","dateModified":"2025-09-03T13:25:30+00:00","breadcrumb":{"@id":"https:\/\/abbenpyorahuolto.fi\/product\/helkama-ainotar-2kk-takuu\/#breadcrumb"},"inLanguage":"sv-SE","potentialAction":[{"@type":"ReadAction","target":["https:\/\/abbenpyorahuolto.fi\/product\/helkama-ainotar-2kk-takuu\/"]}]},{"@type":"BreadcrumbList","@id":"https:\/\/abbenpyorahuolto.fi\/product\/helkama-ainotar-2kk-takuu\/#breadcrumb","itemListElement":[{"@type":"ListItem","position":1,"name":"Home","item":"https:\/\/abbenpyorahuolto.fi\/"},{"@type":"ListItem","position":2,"name":"Tuotteet","item":"https:\/\/abbenpyorahuolto.fi\/shop\/"},{"@type":"ListItem","position":3,"name":"Helkama Ainotar \/ 2kk Takuu"}]},{"@type":"WebSite","@id":"https:\/\/abbenpyorahuolto.fi\/#website","url":"https:\/\/abbenpyorahuolto.fi\/","name":"Abben Py\u00f6r\u00e4huolto","description":"Abben Liikkuva Py\u00f6r\u00e4huolto","publisher":{"@id":"https:\/\/abbenpyorahuolto.fi\/#organization"},"potentialAction":[{"@type":"SearchAction","target":{"@type":"EntryPoint","urlTemplate":"https:\/\/abbenpyorahuolto.fi\/?s={search_term_string}"},"query-input":"required name=search_term_string"}],"inLanguage":"sv-SE"},{"@type":"Organization","@id":"https:\/\/abbenpyorahuolto.fi\/#organization","name":"Abben Py\u00f6r\u00e4huolto","url":"https:\/\/abbenpyorahuolto.fi\/","logo":{"@type":"ImageObject","inLanguage":"sv-SE","@id":"https:\/\/abbenpyorahuolto.fi\/#\/schema\/logo\/image\/","url":"https:\/\/abbenpyorahuolto.fi\/wp-content\/uploads\/2025\/06\/ALBERTS-3.png","contentUrl":"https:\/\/abbenpyorahuolto.fi\/wp-content\/uploads\/2025\/06\/ALBERTS-3.png","width":1080,"height":1080,"caption":"Abben Py\u00f6r\u00e4huolto"},"image":{"@id":"https:\/\/abbenpyorahuolto.fi\/#\/schema\/logo\/image\/"},"sameAs":["https:\/\/www.facebook.com\/people\/Alberts-cykelservice\/100067846394051\/","https:\/\/twitter.com\/acykelservice"]}]}},"jetpack_sharing_enabled":true,"_links":{"self":[{"href":"https:\/\/abbenpyorahuolto.fi\/sv\/wp-json\/wp\/v2\/product\/2045","targetHints":{"allow":["GET"]}}],"collection":[{"href":"https:\/\/abbenpyorahuolto.fi\/sv\/wp-json\/wp\/v2\/product"}],"about":[{"href":"https:\/\/abbenpyorahuolto.fi\/sv\/wp-json\/wp\/v2\/types\/product"}],"replies":[{"embeddable":true,"href":"https:\/\/abbenpyorahuolto.fi\/sv\/wp-json\/wp\/v2\/comments?post=2045"}],"wp:featuredmedia":[{"embeddable":true,"href":"https:\/\/abbenpyorahuolto.fi\/sv\/wp-json\/wp\/v2\/media\/2040"}],"wp:attachment":[{"href":"https:\/\/abbenpyorahuolto.fi\/sv\/wp-json\/wp\/v2\/media?parent=2045"}],"wp:term":[{"taxonomy":"product_cat","embeddable":true,"href":"https:\/\/abbenpyorahuolto.fi\/sv\/wp-json\/wp\/v2\/product_cat?post=2045"},{"taxonomy":"product_tag","embeddable":true,"href":"https:\/\/abbenpyorahuolto.fi\/sv\/wp-json\/wp\/v2\/product_tag?post=2045"}],"curies":[{"name":"wp","href":"https:\/\/api.w.org\/{rel}","templated":true}]}}