{"id":1786,"date":"2025-04-27T08:24:28","date_gmt":"2025-04-27T08:24:28","guid":{"rendered":"https:\/\/albertcykelservice.com\/product\/tunturi-prego-28-takuulla-huippukunnossa\/"},"modified":"2025-05-11T15:37:09","modified_gmt":"2025-05-11T15:37:09","slug":"tunturi-prego-28-takuulla-huippukunnossa","status":"publish","type":"product","link":"https:\/\/abbenpyorahuolto.fi\/sv\/product\/tunturi-prego-28-takuulla-huippukunnossa\/","title":{"rendered":"_MYYTY_ Tunturi Prego 28&#8243; \/ 2kk Takuu"},"content":{"rendered":"<p>Huolletun ja kunnostetun suomalaisen Tunturi Prego 28&#8243; laatupy\u00f6r\u00e4n.<\/p>\n<p>Tekniset tiedot:<\/p>\n<p>&#8211; Merkki: Tunturi<\/p>\n<p>&#8211; Malli: Prego<\/p>\n<p>&#8211; Tyyppi: Kaupunkipy\u00f6r\u00e4<\/p>\n<p>&#8211; Rungon koko: 57 cm (sopii noin 175\u2013195 cm py\u00f6r\u00e4ilij\u00f6ille)<\/p>\n<p>&#8211; Renkaan koko: 28&#8243;, 622 mm<\/p>\n<p>&#8211; Vaihteisto: Sram T3 (3-vaihteinen napavaihde)<\/p>\n<p>&#8211; V\u00e4ri: Vaaleansininen \/ hopea<\/p>\n<p>Tehdyt huollot ja edut:<\/p>\n<p>&#8211; Uusi eturengas, sis\u00e4- ja ulkorengas (takarenkaan sis\u00e4- ja ulkorengas vaihdettu viime vuonna).<\/p>\n<p>&#8211; Ketju vaihdettu<\/p>\n<p>&#8211; Uusi satula.<\/p>\n<p>&#8211; Uudet kahvat<\/p>\n<p>&#8211; Etupy\u00f6r\u00e4n laakerit puhdistettu, uudet kuulat ja rasvat.<\/p>\n<p>&#8211; Takapy\u00f6r\u00e4n laakerit s\u00e4\u00e4detty.<\/p>\n<p>&#8211; Etujarru s\u00e4\u00e4detty.<\/p>\n<p>&#8211; Py\u00f6r\u00e4ss\u00e4 runkolukko, tukijalka ja tavarateline.<\/p>\n<p>Takuu: Annan py\u00f6r\u00e4lle 2 kk takuun.<\/p>\n<p>Hinta: 190 \u20ac<\/p>\n<p>Kuljetus: Kuljetus j\u00e4rjestyy pient\u00e4 korvausta vastaan.<\/p>\n<p>Ota yhteytt\u00e4: Lis\u00e4tietoja tai koeajon varaamiseksi, l\u00e4het\u00e4 rohkeasti viesti\u00e4 tai soita minulle numeroon 0418091216.<\/p>","protected":false},"excerpt":{"rendered":"<p>Huolletun ja kunnostetun suomalaisen Tunturi Prego 28&#8243; laatupy\u00f6r\u00e4n. Tekniset tiedot: &#8211; Merkki: Tunturi &#8211; Malli: Prego &#8211; Tyyppi: Kaupunkipy\u00f6r\u00e4 &#8211; Rungon koko: 57 cm (sopii noin 175\u2013195 cm py\u00f6r\u00e4ilij\u00f6ille) &#8211; Renkaan koko: 28&#8243;, 622 mm &#8211; Vaihteisto: Sram T3 (3-vaihteinen napavaihde) &#8211; V\u00e4ri: Vaaleansininen \/ hopea Tehdyt huollot ja edut: &#8211; Uusi eturengas, sis\u00e4- ja [&hellip;]<\/p>","protected":false},"featured_media":1782,"comment_status":"open","ping_status":"closed","template":"","meta":{"om_disable_all_campaigns":false,"_monsterinsights_skip_tracking":false,"_monsterinsights_sitenote_active":false,"_monsterinsights_sitenote_note":"","_monsterinsights_sitenote_category":0},"product_cat":[28],"product_tag":[],"class_list":{"0":"post-1786","1":"product","2":"type-product","3":"status-publish","4":"has-post-thumbnail","6":"product_cat-uncategorized","8":"first","9":"instock","10":"shipping-taxable","11":"product-type-simple"},"yoast_head":"<!-- This site is optimized with the Yoast SEO plugin v20.0 - https:\/\/yoast.com\/wordpress\/plugins\/seo\/ -->\n<title>_MYYTY_ Tunturi Prego 28&quot; \/ 2kk Takuu - Abben Py\u00f6r\u00e4huolto<\/title>\n<meta name=\"robots\" content=\"index, follow, max-snippet:-1, max-image-preview:large, max-video-preview:-1\" \/>\n<link rel=\"canonical\" href=\"https:\/\/abbenpyorahuolto.fi\/sv\/product\/tunturi-prego-28-takuulla-huippukunnossa\/\" \/>\n<meta property=\"og:locale\" content=\"sv_SE\" \/>\n<meta property=\"og:type\" content=\"article\" \/>\n<meta property=\"og:title\" content=\"_MYYTY_ Tunturi Prego 28&quot; \/ 2kk Takuu - Abben Py\u00f6r\u00e4huolto\" \/>\n<meta property=\"og:description\" content=\"Huolletun ja kunnostetun suomalaisen Tunturi Prego 28&#8243; laatupy\u00f6r\u00e4n. Tekniset tiedot: &#8211; Merkki: Tunturi &#8211; Malli: Prego &#8211; Tyyppi: Kaupunkipy\u00f6r\u00e4 &#8211; Rungon koko: 57 cm (sopii noin 175\u2013195 cm py\u00f6r\u00e4ilij\u00f6ille) &#8211; Renkaan koko: 28&#8243;, 622 mm &#8211; Vaihteisto: Sram T3 (3-vaihteinen napavaihde) &#8211; V\u00e4ri: Vaaleansininen \/ hopea Tehdyt huollot ja edut: &#8211; Uusi eturengas, sis\u00e4- ja [&hellip;]\" \/>\n<meta property=\"og:url\" content=\"https:\/\/abbenpyorahuolto.fi\/sv\/product\/tunturi-prego-28-takuulla-huippukunnossa\/\" \/>\n<meta property=\"og:site_name\" content=\"Abben Py\u00f6r\u00e4huolto\" \/>\n<meta property=\"article:publisher\" content=\"https:\/\/www.facebook.com\/people\/Alberts-cykelservice\/100067846394051\/\" \/>\n<meta property=\"article:modified_time\" content=\"2025-05-11T15:37:09+00:00\" \/>\n<meta property=\"og:image\" content=\"https:\/\/abbenpyorahuolto.fi\/wp-content\/uploads\/2025\/04\/1000011077-scaled.jpg\" \/>\n\t<meta property=\"og:image:width\" content=\"2560\" \/>\n\t<meta property=\"og:image:height\" content=\"1920\" \/>\n\t<meta property=\"og:image:type\" content=\"image\/jpeg\" \/>\n<meta name=\"twitter:card\" content=\"summary_large_image\" \/>\n<meta name=\"twitter:site\" content=\"@acykelservice\" \/>\n<meta name=\"twitter:label1\" content=\"Ber\u00e4knad l\u00e4stid\" \/>\n\t<meta name=\"twitter:data1\" content=\"1 minut\" \/>\n<script type=\"application\/ld+json\" class=\"yoast-schema-graph\">{\"@context\":\"https:\/\/schema.org\",\"@graph\":[{\"@type\":\"WebPage\",\"@id\":\"https:\/\/abbenpyorahuolto.fi\/sv\/product\/tunturi-prego-28-takuulla-huippukunnossa\/\",\"url\":\"https:\/\/abbenpyorahuolto.fi\/sv\/product\/tunturi-prego-28-takuulla-huippukunnossa\/\",\"name\":\"_MYYTY_ Tunturi Prego 28\\\" \/ 2kk Takuu - Abben Py\u00f6r\u00e4huolto\",\"isPartOf\":{\"@id\":\"https:\/\/abbenpyorahuolto.fi\/#website\"},\"datePublished\":\"2025-04-27T08:24:28+00:00\",\"dateModified\":\"2025-05-11T15:37:09+00:00\",\"breadcrumb\":{\"@id\":\"https:\/\/abbenpyorahuolto.fi\/sv\/product\/tunturi-prego-28-takuulla-huippukunnossa\/#breadcrumb\"},\"inLanguage\":\"sv-SE\",\"potentialAction\":[{\"@type\":\"ReadAction\",\"target\":[\"https:\/\/abbenpyorahuolto.fi\/sv\/product\/tunturi-prego-28-takuulla-huippukunnossa\/\"]}]},{\"@type\":\"BreadcrumbList\",\"@id\":\"https:\/\/abbenpyorahuolto.fi\/sv\/product\/tunturi-prego-28-takuulla-huippukunnossa\/#breadcrumb\",\"itemListElement\":[{\"@type\":\"ListItem\",\"position\":1,\"name\":\"Home\",\"item\":\"https:\/\/abbenpyorahuolto.fi\/\"},{\"@type\":\"ListItem\",\"position\":2,\"name\":\"Tuotteet\",\"item\":\"https:\/\/abbenpyorahuolto.fi\/shop\/\"},{\"@type\":\"ListItem\",\"position\":3,\"name\":\"_MYYTY_ Tunturi Prego 28&#8243; \/ 2kk Takuu\"}]},{\"@type\":\"WebSite\",\"@id\":\"https:\/\/abbenpyorahuolto.fi\/#website\",\"url\":\"https:\/\/abbenpyorahuolto.fi\/\",\"name\":\"Abben Py\u00f6r\u00e4huolto\",\"description\":\"Abben Liikkuva Py\u00f6r\u00e4huolto\",\"publisher\":{\"@id\":\"https:\/\/abbenpyorahuolto.fi\/#organization\"},\"potentialAction\":[{\"@type\":\"SearchAction\",\"target\":{\"@type\":\"EntryPoint\",\"urlTemplate\":\"https:\/\/abbenpyorahuolto.fi\/?s={search_term_string}\"},\"query-input\":\"required name=search_term_string\"}],\"inLanguage\":\"sv-SE\"},{\"@type\":\"Organization\",\"@id\":\"https:\/\/abbenpyorahuolto.fi\/#organization\",\"name\":\"Abben Py\u00f6r\u00e4huolto\",\"url\":\"https:\/\/abbenpyorahuolto.fi\/\",\"logo\":{\"@type\":\"ImageObject\",\"inLanguage\":\"sv-SE\",\"@id\":\"https:\/\/abbenpyorahuolto.fi\/#\/schema\/logo\/image\/\",\"url\":\"https:\/\/abbenpyorahuolto.fi\/wp-content\/uploads\/2025\/06\/ALBERTS-3.png\",\"contentUrl\":\"https:\/\/abbenpyorahuolto.fi\/wp-content\/uploads\/2025\/06\/ALBERTS-3.png\",\"width\":1080,\"height\":1080,\"caption\":\"Abben Py\u00f6r\u00e4huolto\"},\"image\":{\"@id\":\"https:\/\/abbenpyorahuolto.fi\/#\/schema\/logo\/image\/\"},\"sameAs\":[\"https:\/\/www.facebook.com\/people\/Alberts-cykelservice\/100067846394051\/\",\"https:\/\/twitter.com\/acykelservice\"]}]}<\/script>\n<!-- \/ Yoast SEO plugin. -->","yoast_head_json":{"title":"_MYYTY_ Tunturi Prego 28\" \/ 2kk Takuu - Abben Py\u00f6r\u00e4huolto","robots":{"index":"index","follow":"follow","max-snippet":"max-snippet:-1","max-image-preview":"max-image-preview:large","max-video-preview":"max-video-preview:-1"},"canonical":"https:\/\/abbenpyorahuolto.fi\/sv\/product\/tunturi-prego-28-takuulla-huippukunnossa\/","og_locale":"sv_SE","og_type":"article","og_title":"_MYYTY_ Tunturi Prego 28\" \/ 2kk Takuu - Abben Py\u00f6r\u00e4huolto","og_description":"Huolletun ja kunnostetun suomalaisen Tunturi Prego 28&#8243; laatupy\u00f6r\u00e4n. Tekniset tiedot: &#8211; Merkki: Tunturi &#8211; Malli: Prego &#8211; Tyyppi: Kaupunkipy\u00f6r\u00e4 &#8211; Rungon koko: 57 cm (sopii noin 175\u2013195 cm py\u00f6r\u00e4ilij\u00f6ille) &#8211; Renkaan koko: 28&#8243;, 622 mm &#8211; Vaihteisto: Sram T3 (3-vaihteinen napavaihde) &#8211; V\u00e4ri: Vaaleansininen \/ hopea Tehdyt huollot ja edut: &#8211; Uusi eturengas, sis\u00e4- ja [&hellip;]","og_url":"https:\/\/abbenpyorahuolto.fi\/sv\/product\/tunturi-prego-28-takuulla-huippukunnossa\/","og_site_name":"Abben Py\u00f6r\u00e4huolto","article_publisher":"https:\/\/www.facebook.com\/people\/Alberts-cykelservice\/100067846394051\/","article_modified_time":"2025-05-11T15:37:09+00:00","og_image":[{"width":2560,"height":1920,"url":"https:\/\/abbenpyorahuolto.fi\/wp-content\/uploads\/2025\/04\/1000011077-scaled.jpg","type":"image\/jpeg"}],"twitter_card":"summary_large_image","twitter_site":"@acykelservice","twitter_misc":{"Ber\u00e4knad l\u00e4stid":"1 minut"},"schema":{"@context":"https:\/\/schema.org","@graph":[{"@type":"WebPage","@id":"https:\/\/abbenpyorahuolto.fi\/sv\/product\/tunturi-prego-28-takuulla-huippukunnossa\/","url":"https:\/\/abbenpyorahuolto.fi\/sv\/product\/tunturi-prego-28-takuulla-huippukunnossa\/","name":"_MYYTY_ Tunturi Prego 28\" \/ 2kk Takuu - Abben Py\u00f6r\u00e4huolto","isPartOf":{"@id":"https:\/\/abbenpyorahuolto.fi\/#website"},"datePublished":"2025-04-27T08:24:28+00:00","dateModified":"2025-05-11T15:37:09+00:00","breadcrumb":{"@id":"https:\/\/abbenpyorahuolto.fi\/sv\/product\/tunturi-prego-28-takuulla-huippukunnossa\/#breadcrumb"},"inLanguage":"sv-SE","potentialAction":[{"@type":"ReadAction","target":["https:\/\/abbenpyorahuolto.fi\/sv\/product\/tunturi-prego-28-takuulla-huippukunnossa\/"]}]},{"@type":"BreadcrumbList","@id":"https:\/\/abbenpyorahuolto.fi\/sv\/product\/tunturi-prego-28-takuulla-huippukunnossa\/#breadcrumb","itemListElement":[{"@type":"ListItem","position":1,"name":"Home","item":"https:\/\/abbenpyorahuolto.fi\/"},{"@type":"ListItem","position":2,"name":"Tuotteet","item":"https:\/\/abbenpyorahuolto.fi\/shop\/"},{"@type":"ListItem","position":3,"name":"_MYYTY_ Tunturi Prego 28&#8243; \/ 2kk Takuu"}]},{"@type":"WebSite","@id":"https:\/\/abbenpyorahuolto.fi\/#website","url":"https:\/\/abbenpyorahuolto.fi\/","name":"Abben Py\u00f6r\u00e4huolto","description":"Abben Liikkuva Py\u00f6r\u00e4huolto","publisher":{"@id":"https:\/\/abbenpyorahuolto.fi\/#organization"},"potentialAction":[{"@type":"SearchAction","target":{"@type":"EntryPoint","urlTemplate":"https:\/\/abbenpyorahuolto.fi\/?s={search_term_string}"},"query-input":"required name=search_term_string"}],"inLanguage":"sv-SE"},{"@type":"Organization","@id":"https:\/\/abbenpyorahuolto.fi\/#organization","name":"Abben Py\u00f6r\u00e4huolto","url":"https:\/\/abbenpyorahuolto.fi\/","logo":{"@type":"ImageObject","inLanguage":"sv-SE","@id":"https:\/\/abbenpyorahuolto.fi\/#\/schema\/logo\/image\/","url":"https:\/\/abbenpyorahuolto.fi\/wp-content\/uploads\/2025\/06\/ALBERTS-3.png","contentUrl":"https:\/\/abbenpyorahuolto.fi\/wp-content\/uploads\/2025\/06\/ALBERTS-3.png","width":1080,"height":1080,"caption":"Abben Py\u00f6r\u00e4huolto"},"image":{"@id":"https:\/\/abbenpyorahuolto.fi\/#\/schema\/logo\/image\/"},"sameAs":["https:\/\/www.facebook.com\/people\/Alberts-cykelservice\/100067846394051\/","https:\/\/twitter.com\/acykelservice"]}]}},"jetpack_sharing_enabled":true,"_links":{"self":[{"href":"https:\/\/abbenpyorahuolto.fi\/sv\/wp-json\/wp\/v2\/product\/1786","targetHints":{"allow":["GET"]}}],"collection":[{"href":"https:\/\/abbenpyorahuolto.fi\/sv\/wp-json\/wp\/v2\/product"}],"about":[{"href":"https:\/\/abbenpyorahuolto.fi\/sv\/wp-json\/wp\/v2\/types\/product"}],"replies":[{"embeddable":true,"href":"https:\/\/abbenpyorahuolto.fi\/sv\/wp-json\/wp\/v2\/comments?post=1786"}],"wp:featuredmedia":[{"embeddable":true,"href":"https:\/\/abbenpyorahuolto.fi\/sv\/wp-json\/wp\/v2\/media\/1782"}],"wp:attachment":[{"href":"https:\/\/abbenpyorahuolto.fi\/sv\/wp-json\/wp\/v2\/media?parent=1786"}],"wp:term":[{"taxonomy":"product_cat","embeddable":true,"href":"https:\/\/abbenpyorahuolto.fi\/sv\/wp-json\/wp\/v2\/product_cat?post=1786"},{"taxonomy":"product_tag","embeddable":true,"href":"https:\/\/abbenpyorahuolto.fi\/sv\/wp-json\/wp\/v2\/product_tag?post=1786"}],"curies":[{"name":"wp","href":"https:\/\/api.w.org\/{rel}","templated":true}]}}