{"id":1570,"date":"2024-10-30T16:53:30","date_gmt":"2024-10-30T16:53:30","guid":{"rendered":"https:\/\/albertcykelservice.com\/product\/crescent-28-2kk-takuu\/"},"modified":"2025-06-06T21:25:01","modified_gmt":"2025-06-06T21:25:01","slug":"crescent-28-2kk-takuu","status":"publish","type":"product","link":"https:\/\/abbenpyorahuolto.fi\/sv\/product\/crescent-28-2kk-takuu\/","title":{"rendered":"_MYYTY_ Crescent 28&#8243; \/ 2kk Takuu"},"content":{"rendered":"<ul>\n<li><div data-test='contact-form' id='contact-form-1570' class='wp-block-jetpack-contact-form-container'>\n<form action='https:\/\/abbenpyorahuolto.fi\/sv\/product\/crescent-28-2kk-takuu\/#contact-form-1570' method='post' class='contact-form commentsblock' aria-label=\"_MYYTY_ Crescent 28&quot; \/ 2kk Takuu\" novalidate data-trp-original-action=\"https:\/\/abbenpyorahuolto.fi\/sv\/product\/crescent-28-2kk-takuu\/#contact-form-1570\">\n\n<div style=\"\" class='grunion-field-name-wrap grunion-field-wrap'  >\n<label\n\t\t\t\tfor='g1570-name'\n\t\t\t\tclass='grunion-field-label name'>Name<span class=\"grunion-label-required\" aria-hidden=\"true\">(obligatoriskt)<\/span><\/label>\n<input\n\t\t\t\t\ttype='text'\n\t\t\t\t\tname='g1570-name'\n\t\t\t\t\tid='g1570-name'\n\t\t\t\t\tvalue=''\n\t\t\t\t\tclass='name  grunion-field' \n\t\t\t\t\trequired aria-required='true' \/>\n\t<\/div>\n\n<div style=\"\" class='grunion-field-email-wrap grunion-field-wrap'  >\n<label\n\t\t\t\tfor='g1570-email'\n\t\t\t\tclass='grunion-field-label email'>Email<span class=\"grunion-label-required\" aria-hidden=\"true\">(obligatoriskt)<\/span><\/label>\n<input\n\t\t\t\t\ttype='email'\n\t\t\t\t\tname='g1570-email'\n\t\t\t\t\tid='g1570-email'\n\t\t\t\t\tvalue=''\n\t\t\t\t\tclass='email  grunion-field' \n\t\t\t\t\trequired aria-required='true' \/>\n\t<\/div>\n\n<div style=\"\" class='grunion-field-url-wrap grunion-field-wrap'  >\n<label\n\t\t\t\tfor='g1570-website'\n\t\t\t\tclass='grunion-field-label url'>Website<\/label>\n<input\n\t\t\t\t\ttype='text'\n\t\t\t\t\tname='g1570-website'\n\t\t\t\t\tid='g1570-website'\n\t\t\t\t\tvalue=''\n\t\t\t\t\tclass='url  grunion-field' \n\t\t\t\t\ttitle=\"Ange en giltig URL \u2013 https:\/\/www.example.com\" oninvalid=\"setCustomValidity(&quot;Ange en giltig URL \u2013 https:\/\/www.example.com&quot;)\" oninput=\"setCustomValidity(&quot;&quot;)\" pattern=\"(([:\\\/a-zA-Z0-9_\\-]+)?(\\.[a-zA-Z0-9_\\-\\\/]+)+)\" data-type-override=\"url\"  \/>\n\t<\/div>\n\n<div style=\"\" class='grunion-field-textarea-wrap grunion-field-wrap'  >\n<label\n\t\t\t\tfor='contact-form-comment-g1570-message'\n\t\t\t\tclass='grunion-field-label textarea'>Message<\/label>\n<textarea\n\t\t                style=''\n\t\t                name='g1570-message'\n\t\t                id='contact-form-comment-g1570-message'\n\t\t                rows='20' class='textarea  grunion-field'  ><\/textarea>\n\t<\/div>\n\t<p class='contact-submit'>\n\t\t<button type='submit' class='pushbutton-wide'>Skicka<\/button>\t\t<input type='hidden' name='contact-form-id' value='1570' \/>\n\t\t<input type='hidden' name='action' value='grunion-contact-form' \/>\n\t\t<input type='hidden' name='contact-form-hash' value='2ed95e606ee23fefddbb2c2e034483857fc6d95f' \/>\n\t<\/p>\n<p style=\"display: none !important;\" class=\"akismet-fields-container\" data-prefix=\"ak_\"><label>&#916;<textarea name=\"ak_hp_textarea\" cols=\"45\" rows=\"8\" maxlength=\"100\"><\/textarea><\/label><input type=\"hidden\" id=\"ak_js_1\" name=\"ak_js\" value=\"182\"\/><script>document.getElementById( \"ak_js_1\" ).setAttribute( \"value\", ( new Date() ).getTime() );<\/script><\/p><input type=\"hidden\" name=\"trp-form-language\" value=\"sv\"\/><\/form>\n<\/div>\n<p>huoltettu ja kunnostettu ruotsalainen Crescent 28&#8243; laatupy\u00f6r\u00e4n.<\/li>\n<\/ul>\n<p>Tekniset tiedot:<br \/>\n&#8211; Merkki: Crescent<br \/>\n&#8211; Malli: 28&#8243;<br \/>\n&#8211; Tyyppi: Kaupunkipy\u00f6r\u00e4<br \/>\n&#8211; Rungon koko: 59cm (sopii 185-205cm py\u00f6r\u00e4ilij\u00f6ille)<br \/>\n&#8211; Renkaan koko: 28&#8243;, 622mm<br \/>\n&#8211; Vaihteisto: 5v Sachs Torpedo (saksassa valmistettu)<br \/>\n&#8211; V\u00e4ri: sininen\/ musta<\/p>\n<p>Tehdyt huollot ja edut:<br \/>\n&#8211; Py\u00f6r\u00e4n laakerit huollettu ja s\u00e4\u00e4detty = py\u00f6r\u00e4 rullaa kuin uusi.<br \/>\n&#8211; Jarrut ja vaihteet s\u00e4\u00e4detty.<br \/>\n&#8211; Vaijerit ja ketjut puhdistettu ja voideltu.<br \/>\n&#8211; Koko py\u00f6r\u00e4n kunto tarkistettu.<br \/>\n&#8211; Edess\u00e4 ja takana lamput, jotka toimivat rengasta vasten py\u00f6riv\u00e4ll\u00e4 dynamolla (takavalon polttimo \u00e4skett\u00e4in vaihdettu).<br \/>\n&#8211; Kaksi avainta alkuper\u00e4iseen lukkoon.<\/p>\n<p>Takuu:<br \/>\nAnnan py\u00f6r\u00e4lle 2kk takuun.<\/p>\n<p>Hinta:<br \/>\n170\u20ac<\/p>\n<p>Kuljetus j\u00e4rjestyy pient\u00e4 korvausta vastaan.<\/p>\n<p>Ota Yhteytt\u00e4:<br \/>\nLis\u00e4tietoja tai koeajon varaamiseksi, l\u00e4hett\u00e4\u00e4 rohkeasti viesti\u00e4 tai soittaa minulle numeroon 0418091216.<\/p>","protected":false},"excerpt":{"rendered":"<p>huoltettu ja kunnostettu ruotsalainen Crescent 28&#8243; laatupy\u00f6r\u00e4n. Tekniset tiedot: &#8211; Merkki: Crescent &#8211; Malli: 28&#8243; &#8211; Tyyppi: Kaupunkipy\u00f6r\u00e4 &#8211; Rungon koko: 59cm (sopii 185-205cm py\u00f6r\u00e4ilij\u00f6ille) &#8211; Renkaan koko: 28&#8243;, 622mm &#8211; Vaihteisto: 5v Sachs Torpedo (saksassa valmistettu) &#8211; V\u00e4ri: sininen\/ musta Tehdyt huollot ja edut: &#8211; Py\u00f6r\u00e4n laakerit huollettu ja s\u00e4\u00e4detty = py\u00f6r\u00e4 rullaa kuin [&hellip;]<\/p>","protected":false},"featured_media":1566,"comment_status":"open","ping_status":"closed","template":"","meta":{"om_disable_all_campaigns":false,"_monsterinsights_skip_tracking":false,"_monsterinsights_sitenote_active":false,"_monsterinsights_sitenote_note":"","_monsterinsights_sitenote_category":0},"product_cat":[28],"product_tag":[],"class_list":{"0":"post-1570","1":"product","2":"type-product","3":"status-publish","4":"has-post-thumbnail","6":"product_cat-uncategorized","8":"first","9":"instock","10":"product-type-simple"},"yoast_head":"<!-- This site is optimized with the Yoast SEO plugin v20.0 - https:\/\/yoast.com\/wordpress\/plugins\/seo\/ -->\n<title>_MYYTY_ Crescent 28&quot; \/ 2kk Takuu - Abben Py\u00f6r\u00e4huolto<\/title>\n<meta name=\"robots\" content=\"index, follow, max-snippet:-1, max-image-preview:large, max-video-preview:-1\" \/>\n<link rel=\"canonical\" href=\"https:\/\/abbenpyorahuolto.fi\/sv\/product\/crescent-28-2kk-takuu\/\" \/>\n<meta property=\"og:locale\" content=\"sv_SE\" \/>\n<meta property=\"og:type\" content=\"article\" \/>\n<meta property=\"og:title\" content=\"_MYYTY_ Crescent 28&quot; \/ 2kk Takuu - Abben Py\u00f6r\u00e4huolto\" \/>\n<meta property=\"og:description\" content=\"huoltettu ja kunnostettu ruotsalainen Crescent 28&#8243; laatupy\u00f6r\u00e4n. Tekniset tiedot: &#8211; Merkki: Crescent &#8211; Malli: 28&#8243; &#8211; Tyyppi: Kaupunkipy\u00f6r\u00e4 &#8211; Rungon koko: 59cm (sopii 185-205cm py\u00f6r\u00e4ilij\u00f6ille) &#8211; Renkaan koko: 28&#8243;, 622mm &#8211; Vaihteisto: 5v Sachs Torpedo (saksassa valmistettu) &#8211; V\u00e4ri: sininen\/ musta Tehdyt huollot ja edut: &#8211; Py\u00f6r\u00e4n laakerit huollettu ja s\u00e4\u00e4detty = py\u00f6r\u00e4 rullaa kuin [&hellip;]\" \/>\n<meta property=\"og:url\" content=\"https:\/\/abbenpyorahuolto.fi\/sv\/product\/crescent-28-2kk-takuu\/\" \/>\n<meta property=\"og:site_name\" content=\"Abben Py\u00f6r\u00e4huolto\" \/>\n<meta property=\"article:publisher\" content=\"https:\/\/www.facebook.com\/people\/Alberts-cykelservice\/100067846394051\/\" \/>\n<meta property=\"article:modified_time\" content=\"2025-06-06T21:25:01+00:00\" \/>\n<meta property=\"og:image\" content=\"http:\/\/abbenpyorahuolto.fi\/wp-content\/uploads\/2024\/10\/1000007958-scaled.jpg\" \/>\n\t<meta property=\"og:image:width\" content=\"2560\" \/>\n\t<meta property=\"og:image:height\" content=\"1920\" \/>\n\t<meta property=\"og:image:type\" content=\"image\/jpeg\" \/>\n<meta name=\"twitter:card\" content=\"summary_large_image\" \/>\n<meta name=\"twitter:site\" content=\"@acykelservice\" \/>\n<meta name=\"twitter:label1\" content=\"Ber\u00e4knad l\u00e4stid\" \/>\n\t<meta name=\"twitter:data1\" content=\"1 minut\" \/>\n<script type=\"application\/ld+json\" class=\"yoast-schema-graph\">{\"@context\":\"https:\/\/schema.org\",\"@graph\":[{\"@type\":\"WebPage\",\"@id\":\"https:\/\/abbenpyorahuolto.fi\/product\/crescent-28-2kk-takuu\/\",\"url\":\"https:\/\/abbenpyorahuolto.fi\/product\/crescent-28-2kk-takuu\/\",\"name\":\"_MYYTY_ Crescent 28\\\" \/ 2kk Takuu - Abben Py\u00f6r\u00e4huolto\",\"isPartOf\":{\"@id\":\"https:\/\/abbenpyorahuolto.fi\/#website\"},\"datePublished\":\"2024-10-30T16:53:30+00:00\",\"dateModified\":\"2025-06-06T21:25:01+00:00\",\"breadcrumb\":{\"@id\":\"https:\/\/abbenpyorahuolto.fi\/product\/crescent-28-2kk-takuu\/#breadcrumb\"},\"inLanguage\":\"sv-SE\",\"potentialAction\":[{\"@type\":\"ReadAction\",\"target\":[\"https:\/\/abbenpyorahuolto.fi\/product\/crescent-28-2kk-takuu\/\"]}]},{\"@type\":\"BreadcrumbList\",\"@id\":\"https:\/\/abbenpyorahuolto.fi\/product\/crescent-28-2kk-takuu\/#breadcrumb\",\"itemListElement\":[{\"@type\":\"ListItem\",\"position\":1,\"name\":\"Home\",\"item\":\"https:\/\/abbenpyorahuolto.fi\/\"},{\"@type\":\"ListItem\",\"position\":2,\"name\":\"Tuotteet\",\"item\":\"https:\/\/abbenpyorahuolto.fi\/shop\/\"},{\"@type\":\"ListItem\",\"position\":3,\"name\":\"_MYYTY_ Crescent 28&#8243; \/ 2kk Takuu\"}]},{\"@type\":\"WebSite\",\"@id\":\"https:\/\/abbenpyorahuolto.fi\/#website\",\"url\":\"https:\/\/abbenpyorahuolto.fi\/\",\"name\":\"Abben Py\u00f6r\u00e4huolto\",\"description\":\"Abben Liikkuva Py\u00f6r\u00e4huolto\",\"publisher\":{\"@id\":\"https:\/\/abbenpyorahuolto.fi\/#organization\"},\"potentialAction\":[{\"@type\":\"SearchAction\",\"target\":{\"@type\":\"EntryPoint\",\"urlTemplate\":\"https:\/\/abbenpyorahuolto.fi\/?s={search_term_string}\"},\"query-input\":\"required name=search_term_string\"}],\"inLanguage\":\"sv-SE\"},{\"@type\":\"Organization\",\"@id\":\"https:\/\/abbenpyorahuolto.fi\/#organization\",\"name\":\"Abben Py\u00f6r\u00e4huolto\",\"url\":\"https:\/\/abbenpyorahuolto.fi\/\",\"logo\":{\"@type\":\"ImageObject\",\"inLanguage\":\"sv-SE\",\"@id\":\"https:\/\/abbenpyorahuolto.fi\/#\/schema\/logo\/image\/\",\"url\":\"https:\/\/abbenpyorahuolto.fi\/wp-content\/uploads\/2025\/06\/ALBERTS-3.png\",\"contentUrl\":\"https:\/\/abbenpyorahuolto.fi\/wp-content\/uploads\/2025\/06\/ALBERTS-3.png\",\"width\":1080,\"height\":1080,\"caption\":\"Abben Py\u00f6r\u00e4huolto\"},\"image\":{\"@id\":\"https:\/\/abbenpyorahuolto.fi\/#\/schema\/logo\/image\/\"},\"sameAs\":[\"https:\/\/www.facebook.com\/people\/Alberts-cykelservice\/100067846394051\/\",\"https:\/\/twitter.com\/acykelservice\"]}]}<\/script>\n<!-- \/ Yoast SEO plugin. -->","yoast_head_json":{"title":"_MYYTY_ Crescent 28\" \/ 2kk Takuu - Abben Py\u00f6r\u00e4huolto","robots":{"index":"index","follow":"follow","max-snippet":"max-snippet:-1","max-image-preview":"max-image-preview:large","max-video-preview":"max-video-preview:-1"},"canonical":"https:\/\/abbenpyorahuolto.fi\/sv\/product\/crescent-28-2kk-takuu\/","og_locale":"sv_SE","og_type":"article","og_title":"_MYYTY_ Crescent 28\" \/ 2kk Takuu - Abben Py\u00f6r\u00e4huolto","og_description":"huoltettu ja kunnostettu ruotsalainen Crescent 28&#8243; laatupy\u00f6r\u00e4n. Tekniset tiedot: &#8211; Merkki: Crescent &#8211; Malli: 28&#8243; &#8211; Tyyppi: Kaupunkipy\u00f6r\u00e4 &#8211; Rungon koko: 59cm (sopii 185-205cm py\u00f6r\u00e4ilij\u00f6ille) &#8211; Renkaan koko: 28&#8243;, 622mm &#8211; Vaihteisto: 5v Sachs Torpedo (saksassa valmistettu) &#8211; V\u00e4ri: sininen\/ musta Tehdyt huollot ja edut: &#8211; Py\u00f6r\u00e4n laakerit huollettu ja s\u00e4\u00e4detty = py\u00f6r\u00e4 rullaa kuin [&hellip;]","og_url":"https:\/\/abbenpyorahuolto.fi\/sv\/product\/crescent-28-2kk-takuu\/","og_site_name":"Abben Py\u00f6r\u00e4huolto","article_publisher":"https:\/\/www.facebook.com\/people\/Alberts-cykelservice\/100067846394051\/","article_modified_time":"2025-06-06T21:25:01+00:00","og_image":[{"width":2560,"height":1920,"url":"http:\/\/abbenpyorahuolto.fi\/wp-content\/uploads\/2024\/10\/1000007958-scaled.jpg","type":"image\/jpeg"}],"twitter_card":"summary_large_image","twitter_site":"@acykelservice","twitter_misc":{"Ber\u00e4knad l\u00e4stid":"1 minut"},"schema":{"@context":"https:\/\/schema.org","@graph":[{"@type":"WebPage","@id":"https:\/\/abbenpyorahuolto.fi\/product\/crescent-28-2kk-takuu\/","url":"https:\/\/abbenpyorahuolto.fi\/product\/crescent-28-2kk-takuu\/","name":"_MYYTY_ Crescent 28\" \/ 2kk Takuu - Abben Py\u00f6r\u00e4huolto","isPartOf":{"@id":"https:\/\/abbenpyorahuolto.fi\/#website"},"datePublished":"2024-10-30T16:53:30+00:00","dateModified":"2025-06-06T21:25:01+00:00","breadcrumb":{"@id":"https:\/\/abbenpyorahuolto.fi\/product\/crescent-28-2kk-takuu\/#breadcrumb"},"inLanguage":"sv-SE","potentialAction":[{"@type":"ReadAction","target":["https:\/\/abbenpyorahuolto.fi\/product\/crescent-28-2kk-takuu\/"]}]},{"@type":"BreadcrumbList","@id":"https:\/\/abbenpyorahuolto.fi\/product\/crescent-28-2kk-takuu\/#breadcrumb","itemListElement":[{"@type":"ListItem","position":1,"name":"Home","item":"https:\/\/abbenpyorahuolto.fi\/"},{"@type":"ListItem","position":2,"name":"Tuotteet","item":"https:\/\/abbenpyorahuolto.fi\/shop\/"},{"@type":"ListItem","position":3,"name":"_MYYTY_ Crescent 28&#8243; \/ 2kk Takuu"}]},{"@type":"WebSite","@id":"https:\/\/abbenpyorahuolto.fi\/#website","url":"https:\/\/abbenpyorahuolto.fi\/","name":"Abben Py\u00f6r\u00e4huolto","description":"Abben Liikkuva Py\u00f6r\u00e4huolto","publisher":{"@id":"https:\/\/abbenpyorahuolto.fi\/#organization"},"potentialAction":[{"@type":"SearchAction","target":{"@type":"EntryPoint","urlTemplate":"https:\/\/abbenpyorahuolto.fi\/?s={search_term_string}"},"query-input":"required name=search_term_string"}],"inLanguage":"sv-SE"},{"@type":"Organization","@id":"https:\/\/abbenpyorahuolto.fi\/#organization","name":"Abben Py\u00f6r\u00e4huolto","url":"https:\/\/abbenpyorahuolto.fi\/","logo":{"@type":"ImageObject","inLanguage":"sv-SE","@id":"https:\/\/abbenpyorahuolto.fi\/#\/schema\/logo\/image\/","url":"https:\/\/abbenpyorahuolto.fi\/wp-content\/uploads\/2025\/06\/ALBERTS-3.png","contentUrl":"https:\/\/abbenpyorahuolto.fi\/wp-content\/uploads\/2025\/06\/ALBERTS-3.png","width":1080,"height":1080,"caption":"Abben Py\u00f6r\u00e4huolto"},"image":{"@id":"https:\/\/abbenpyorahuolto.fi\/#\/schema\/logo\/image\/"},"sameAs":["https:\/\/www.facebook.com\/people\/Alberts-cykelservice\/100067846394051\/","https:\/\/twitter.com\/acykelservice"]}]}},"jetpack_sharing_enabled":true,"_links":{"self":[{"href":"https:\/\/abbenpyorahuolto.fi\/sv\/wp-json\/wp\/v2\/product\/1570","targetHints":{"allow":["GET"]}}],"collection":[{"href":"https:\/\/abbenpyorahuolto.fi\/sv\/wp-json\/wp\/v2\/product"}],"about":[{"href":"https:\/\/abbenpyorahuolto.fi\/sv\/wp-json\/wp\/v2\/types\/product"}],"replies":[{"embeddable":true,"href":"https:\/\/abbenpyorahuolto.fi\/sv\/wp-json\/wp\/v2\/comments?post=1570"}],"wp:featuredmedia":[{"embeddable":true,"href":"https:\/\/abbenpyorahuolto.fi\/sv\/wp-json\/wp\/v2\/media\/1566"}],"wp:attachment":[{"href":"https:\/\/abbenpyorahuolto.fi\/sv\/wp-json\/wp\/v2\/media?parent=1570"}],"wp:term":[{"taxonomy":"product_cat","embeddable":true,"href":"https:\/\/abbenpyorahuolto.fi\/sv\/wp-json\/wp\/v2\/product_cat?post=1570"},{"taxonomy":"product_tag","embeddable":true,"href":"https:\/\/abbenpyorahuolto.fi\/sv\/wp-json\/wp\/v2\/product_tag?post=1570"}],"curies":[{"name":"wp","href":"https:\/\/api.w.org\/{rel}","templated":true}]}}